{"id":1222,"date":"2025-05-16T11:22:44","date_gmt":"2025-05-16T11:22:44","guid":{"rendered":"https:\/\/pescatrade.com\/portal-de-transparencia\/"},"modified":"2026-02-04T11:56:24","modified_gmt":"2026-02-04T11:56:24","slug":"transparency-portal","status":"publish","type":"page","link":"https:\/\/pescatrade.com\/en\/transparency-portal\/","title":{"rendered":"Transparency Portal"},"content":{"rendered":"\n<div class=\"wp-block-group\"><div class=\"wp-block-group__inner-container is-layout-constrained wp-block-group-is-layout-constrained\">\n<h1 class=\"wp-block-heading\">Transparency Portal<\/h1>\n\n\n\n<p>The members of the governing and management body do not receive annual remuneration or compensation.<\/p>\n\n\n\n<p>The Society for the Regional Development of Cantabria (SODERCAN) has awarded a grant of \u20ac21,126.00 under the &#8220;Commercial Promotion Plans&#8221; program, representing 67.71% of the total project expenditure. This subsidy was granted to support Cantabrian companies in their commercial expansion, both nationally and internationally. The execution period for this plan took place between October 2024 and October 2025.<\/p>\n\n\n\n<p>No other aid or subsidies have been received for this project.<\/p>\n\n\n\n<hr class=\"wp-block-separator has-alpha-channel-opacity\"\/>\n\n\n\n<p>The Regional Development Agency of Cantabria (SODERCAN) has granted a subsidy of \u20ac20,547.00 under the \u201cCommercial Promotion Plans\u201d program, representing 67.97% of the total amount executed. This subsidy was granted to support Cantabrian companies in their commercial expansion, both nationally and internationally. The implementation period for this plan was between October 2023 and October 2024.<\/p>\n\n\n\n<p>No other aid or subsidies have been received for this project.<\/p>\n<\/div><\/div>\n","protected":false},"excerpt":{"rendered":"<p>Transparency Portal The members of the governing and management body do not receive annual remuneration or compensation. The Society for the Regional Development of Cantabria (SODERCAN) has awarded a grant of \u20ac21,126.00 under the &#8220;Commercial Promotion Plans&#8221; program, representing 67.71% of the total project expenditure. This subsidy was granted to support Cantabrian companies in their [&hellip;]<\/p>\n","protected":false},"author":1,"featured_media":0,"parent":0,"menu_order":0,"comment_status":"closed","ping_status":"closed","template":"","meta":{"_monsterinsights_skip_tracking":false,"_monsterinsights_sitenote_active":false,"_monsterinsights_sitenote_note":"","_monsterinsights_sitenote_category":0,"footnotes":""},"class_list":["post-1222","page","type-page","status-publish","hentry"],"yoast_head":"<!-- This site is optimized with the Yoast SEO plugin v25.1 - https:\/\/yoast.com\/wordpress\/plugins\/seo\/ -->\n<title>Transparency Portal - pescatrade<\/title>\n<meta name=\"robots\" content=\"index, follow, max-snippet:-1, max-image-preview:large, max-video-preview:-1\" \/>\n<link rel=\"canonical\" href=\"https:\/\/pescatrade.com\/en\/transparency-portal\/\" \/>\n<meta property=\"og:locale\" content=\"en_US\" \/>\n<meta property=\"og:type\" content=\"article\" \/>\n<meta property=\"og:title\" content=\"Transparency Portal - pescatrade\" \/>\n<meta property=\"og:description\" content=\"Transparency Portal The members of the governing and management body do not receive annual remuneration or compensation. The Society for the Regional Development of Cantabria (SODERCAN) has awarded a grant of \u20ac21,126.00 under the &#8220;Commercial Promotion Plans&#8221; program, representing 67.71% of the total project expenditure. This subsidy was granted to support Cantabrian companies in their [&hellip;]\" \/>\n<meta property=\"og:url\" content=\"https:\/\/pescatrade.com\/en\/transparency-portal\/\" \/>\n<meta property=\"og:site_name\" content=\"pescatrade\" \/>\n<meta property=\"article:modified_time\" content=\"2026-02-04T11:56:24+00:00\" \/>\n<meta name=\"twitter:card\" content=\"summary_large_image\" \/>\n<meta name=\"twitter:label1\" content=\"Est. reading time\" \/>\n\t<meta name=\"twitter:data1\" content=\"1 minute\" \/>\n<script type=\"application\/ld+json\" class=\"yoast-schema-graph\">{\"@context\":\"https:\/\/schema.org\",\"@graph\":[{\"@type\":\"WebPage\",\"@id\":\"https:\/\/pescatrade.com\/en\/transparency-portal\/\",\"url\":\"https:\/\/pescatrade.com\/en\/transparency-portal\/\",\"name\":\"Transparency Portal - pescatrade\",\"isPartOf\":{\"@id\":\"https:\/\/pescatrade.com\/#website\"},\"datePublished\":\"2025-05-16T11:22:44+00:00\",\"dateModified\":\"2026-02-04T11:56:24+00:00\",\"breadcrumb\":{\"@id\":\"https:\/\/pescatrade.com\/en\/transparency-portal\/#breadcrumb\"},\"inLanguage\":\"en-US\",\"potentialAction\":[{\"@type\":\"ReadAction\",\"target\":[\"https:\/\/pescatrade.com\/en\/transparency-portal\/\"]}]},{\"@type\":\"BreadcrumbList\",\"@id\":\"https:\/\/pescatrade.com\/en\/transparency-portal\/#breadcrumb\",\"itemListElement\":[{\"@type\":\"ListItem\",\"position\":1,\"name\":\"Portada\",\"item\":\"https:\/\/pescatrade.com\/en\/\"},{\"@type\":\"ListItem\",\"position\":2,\"name\":\"Transparency Portal\"}]},{\"@type\":\"WebSite\",\"@id\":\"https:\/\/pescatrade.com\/#website\",\"url\":\"https:\/\/pescatrade.com\/\",\"name\":\"pescatrade\",\"description\":\"En Pescatrade somos pioneros, desde nuestro nacimiento, en la pesca, transformaci\u00f3n, conservaci\u00f3n y comercializaci\u00f3n de los mejores pescados y mariscos tanto frescos como ultracongelados.\",\"potentialAction\":[{\"@type\":\"SearchAction\",\"target\":{\"@type\":\"EntryPoint\",\"urlTemplate\":\"https:\/\/pescatrade.com\/?s={search_term_string}\"},\"query-input\":{\"@type\":\"PropertyValueSpecification\",\"valueRequired\":true,\"valueName\":\"search_term_string\"}}],\"inLanguage\":\"en-US\"}]}<\/script>\n<!-- \/ Yoast SEO plugin. -->","yoast_head_json":{"title":"Transparency Portal - pescatrade","robots":{"index":"index","follow":"follow","max-snippet":"max-snippet:-1","max-image-preview":"max-image-preview:large","max-video-preview":"max-video-preview:-1"},"canonical":"https:\/\/pescatrade.com\/en\/transparency-portal\/","og_locale":"en_US","og_type":"article","og_title":"Transparency Portal - pescatrade","og_description":"Transparency Portal The members of the governing and management body do not receive annual remuneration or compensation. The Society for the Regional Development of Cantabria (SODERCAN) has awarded a grant of \u20ac21,126.00 under the &#8220;Commercial Promotion Plans&#8221; program, representing 67.71% of the total project expenditure. This subsidy was granted to support Cantabrian companies in their [&hellip;]","og_url":"https:\/\/pescatrade.com\/en\/transparency-portal\/","og_site_name":"pescatrade","article_modified_time":"2026-02-04T11:56:24+00:00","twitter_card":"summary_large_image","twitter_misc":{"Est. reading time":"1 minute"},"schema":{"@context":"https:\/\/schema.org","@graph":[{"@type":"WebPage","@id":"https:\/\/pescatrade.com\/en\/transparency-portal\/","url":"https:\/\/pescatrade.com\/en\/transparency-portal\/","name":"Transparency Portal - pescatrade","isPartOf":{"@id":"https:\/\/pescatrade.com\/#website"},"datePublished":"2025-05-16T11:22:44+00:00","dateModified":"2026-02-04T11:56:24+00:00","breadcrumb":{"@id":"https:\/\/pescatrade.com\/en\/transparency-portal\/#breadcrumb"},"inLanguage":"en-US","potentialAction":[{"@type":"ReadAction","target":["https:\/\/pescatrade.com\/en\/transparency-portal\/"]}]},{"@type":"BreadcrumbList","@id":"https:\/\/pescatrade.com\/en\/transparency-portal\/#breadcrumb","itemListElement":[{"@type":"ListItem","position":1,"name":"Portada","item":"https:\/\/pescatrade.com\/en\/"},{"@type":"ListItem","position":2,"name":"Transparency Portal"}]},{"@type":"WebSite","@id":"https:\/\/pescatrade.com\/#website","url":"https:\/\/pescatrade.com\/","name":"pescatrade","description":"En Pescatrade somos pioneros, desde nuestro nacimiento, en la pesca, transformaci\u00f3n, conservaci\u00f3n y comercializaci\u00f3n de los mejores pescados y mariscos tanto frescos como ultracongelados.","potentialAction":[{"@type":"SearchAction","target":{"@type":"EntryPoint","urlTemplate":"https:\/\/pescatrade.com\/?s={search_term_string}"},"query-input":{"@type":"PropertyValueSpecification","valueRequired":true,"valueName":"search_term_string"}}],"inLanguage":"en-US"}]}},"_links":{"self":[{"href":"https:\/\/pescatrade.com\/en\/wp-json\/wp\/v2\/pages\/1222\/"}],"collection":[{"href":"https:\/\/pescatrade.com\/en\/wp-json\/wp\/v2\/pages\/"}],"about":[{"href":"https:\/\/pescatrade.com\/en\/wp-json\/wp\/v2\/types\/page\/"}],"author":[{"embeddable":true,"href":"https:\/\/pescatrade.com\/en\/wp-json\/wp\/v2\/users\/1\/"}],"replies":[{"embeddable":true,"href":"https:\/\/pescatrade.com\/en\/wp-json\/wp\/v2\/comments\/?post=1222"}],"version-history":[{"count":5,"href":"https:\/\/pescatrade.com\/en\/wp-json\/wp\/v2\/pages\/1222\/revisions\/"}],"predecessor-version":[{"id":1243,"href":"https:\/\/pescatrade.com\/en\/wp-json\/wp\/v2\/pages\/1222\/revisions\/1243\/"}],"wp:attachment":[{"href":"https:\/\/pescatrade.com\/en\/wp-json\/wp\/v2\/media\/?parent=1222"}],"curies":[{"name":"wp","href":"https:\/\/api.w.org\/{rel}","templated":true}]}}