{"id":570,"date":"2016-10-04T10:34:47","date_gmt":"2016-10-04T10:34:47","guid":{"rendered":"https:\/\/pescatrade.com\/?page_id=570&#038;lang=en"},"modified":"2018-06-03T15:41:37","modified_gmt":"2018-06-03T15:41:37","slug":"home","status":"publish","type":"page","link":"https:\/\/pescatrade.com\/en\/","title":{"rendered":"Home"},"content":{"rendered":"<p><div class=\"fusion-fullwidth fullwidth-box nonhundred-percent-fullwidth non-hundred-percent-height-scrolling\"  style='background-color: rgba(255,255,255,0);background-position: left top;background-repeat: no-repeat;padding-top:20px;padding-right:0px;padding-bottom:20px;padding-left:0px;border-top-width:0px;border-bottom-width:0px;border-color:#eae9e9;border-top-style:solid;border-bottom-style:solid;'><div class=\"fusion-builder-row fusion-row \"><div  class=\"fusion-layout-column fusion_builder_column fusion_builder_column_1_1  fusion-one-full fusion-column-first fusion-column-last fusion-column-no-min-height 1_1\"  style='margin-top:0px;margin-bottom:0px;'>\n\t\t\t\t\t<div class=\"fusion-column-wrapper\" style=\"background-position:left top;background-repeat:no-repeat;-webkit-background-size:cover;-moz-background-size:cover;-o-background-size:cover;background-size:cover;\"  data-bg-url=\"\">\n\t\t\t\t\t\t<div class=\"fusion-text\"><h2 style=\"text-align: center;\">SEAFOOD DELICACIES<\/h2>\n<\/div><div class=\"fusion-clearfix\"><\/div>\n\n\t\t\t\t\t<\/div>\n\t\t\t\t<\/div><\/div><\/div><div class=\"fusion-fullwidth fullwidth-box nonhundred-percent-fullwidth non-hundred-percent-height-scrolling\"  style='background-color: rgba(255,255,255,0);background-position: left top;background-repeat: no-repeat;padding-top:20px;padding-right:0px;padding-bottom:80px;padding-left:0px;border-top-width:0px;border-bottom-width:0px;border-color:#eae9e9;border-top-style:solid;border-bottom-style:solid;'><div class=\"fusion-builder-row fusion-row \"><div  class=\"fusion-layout-column fusion_builder_column fusion_builder_column_1_3  fusion-one-third fusion-column-first 1_3\"  style='margin-top:0px;margin-bottom:20px;width:30.6666%; margin-right: 4%;'>\n\t\t\t\t\t<div class=\"fusion-column-wrapper\" style=\"background-position:left top;background-repeat:no-repeat;-webkit-background-size:cover;-moz-background-size:cover;-o-background-size:cover;background-size:cover;\"  data-bg-url=\"\">\n\t\t\t\t\t\t<span class=\"fusion-imageframe imageframe-none imageframe-1 hover-type-none\"><a class=\"fusion-no-lightbox\" href=\"\/en\/fish\/\" target=\"_self\" aria-label=\"Fish\"><img loading=\"lazy\" decoding=\"async\" src=\"https:\/\/pescatrade.com\/wp-content\/uploads\/2016\/10\/PESCADOS-2.jpg\" width=\"359\" height=\"373\" alt=\"pescados\" class=\"img-responsive wp-image-810\" srcset=\"https:\/\/pescatrade.com\/wp-content\/uploads\/2016\/10\/PESCADOS-2-200x208.jpg 200w, https:\/\/pescatrade.com\/wp-content\/uploads\/2016\/10\/PESCADOS-2.jpg 359w\" sizes=\"auto, (max-width: 800px) 100vw, 359px\" \/><\/a><\/span><div class=\"fusion-clearfix\"><\/div>\n\n\t\t\t\t\t<\/div>\n\t\t\t\t<\/div><div  class=\"fusion-layout-column fusion_builder_column fusion_builder_column_1_3  fusion-one-third 1_3\"  style='margin-top:0px;margin-bottom:20px;width:30.6666%; margin-right: 4%;'>\n\t\t\t\t\t<div class=\"fusion-column-wrapper\" style=\"background-position:left top;background-repeat:no-repeat;-webkit-background-size:cover;-moz-background-size:cover;-o-background-size:cover;background-size:cover;\"  data-bg-url=\"\">\n\t\t\t\t\t\t<span class=\"fusion-imageframe imageframe-none imageframe-2 hover-type-none\"><a class=\"fusion-no-lightbox\" href=\"\/en\/cephalopods\/\" target=\"_self\" aria-label=\"Cephalopods\"><img loading=\"lazy\" decoding=\"async\" src=\"https:\/\/pescatrade.com\/wp-content\/uploads\/2016\/10\/CEFALOPODOS-2.jpg\" width=\"359\" height=\"373\" alt=\"cefal\u00f3podos\" class=\"img-responsive wp-image-811\" srcset=\"https:\/\/pescatrade.com\/wp-content\/uploads\/2016\/10\/CEFALOPODOS-2-200x208.jpg 200w, https:\/\/pescatrade.com\/wp-content\/uploads\/2016\/10\/CEFALOPODOS-2.jpg 359w\" sizes=\"auto, (max-width: 800px) 100vw, 359px\" \/><\/a><\/span><div class=\"fusion-clearfix\"><\/div>\n\n\t\t\t\t\t<\/div>\n\t\t\t\t<\/div><div  class=\"fusion-layout-column fusion_builder_column fusion_builder_column_1_3  fusion-one-third fusion-column-last 1_3\"  style='margin-top:0px;margin-bottom:20px;width:30.6666%'>\n\t\t\t\t\t<div class=\"fusion-column-wrapper\" style=\"background-position:left top;background-repeat:no-repeat;-webkit-background-size:cover;-moz-background-size:cover;-o-background-size:cover;background-size:cover;\"  data-bg-url=\"\">\n\t\t\t\t\t\t<span class=\"fusion-imageframe imageframe-none imageframe-3 hover-type-none\"><a class=\"fusion-no-lightbox\" href=\"\/en\/shellfish\/\" target=\"_self\" aria-label=\"Shell Fish\"><img loading=\"lazy\" decoding=\"async\" src=\"https:\/\/pescatrade.com\/wp-content\/uploads\/2016\/10\/MARISCOS-2.jpg\" width=\"359\" height=\"373\" alt=\"mariscos\" class=\"img-responsive wp-image-812\" srcset=\"https:\/\/pescatrade.com\/wp-content\/uploads\/2016\/10\/MARISCOS-2-200x208.jpg 200w, https:\/\/pescatrade.com\/wp-content\/uploads\/2016\/10\/MARISCOS-2.jpg 359w\" sizes=\"auto, (max-width: 800px) 100vw, 359px\" \/><\/a><\/span><div class=\"fusion-clearfix\"><\/div>\n\n\t\t\t\t\t<\/div>\n\t\t\t\t<\/div><div  class=\"fusion-layout-column fusion_builder_column fusion_builder_column_1_6  fusion-one-sixth fusion-column-first 1_6\"  style='margin-top:20px;margin-bottom:20px;width:13.3333%; margin-right: 4%;'>\n\t\t\t\t\t<div class=\"fusion-column-wrapper\" style=\"background-position:left top;background-repeat:no-repeat;-webkit-background-size:cover;-moz-background-size:cover;-o-background-size:cover;background-size:cover;\"  data-bg-url=\"\">\n\t\t\t\t\t\t<div class=\"fusion-clearfix\"><\/div>\n\n\t\t\t\t\t<\/div>\n\t\t\t\t<\/div><div  class=\"fusion-layout-column fusion_builder_column fusion_builder_column_1_3  fusion-one-third 1_3\"  style='margin-top:20px;margin-bottom:20px;width:30.6666%; margin-right: 4%;'>\n\t\t\t\t\t<div class=\"fusion-column-wrapper\" style=\"background-position:left top;background-repeat:no-repeat;-webkit-background-size:cover;-moz-background-size:cover;-o-background-size:cover;background-size:cover;\"  data-bg-url=\"\">\n\t\t\t\t\t\t<span class=\"fusion-imageframe imageframe-none imageframe-4 hover-type-none\"><a class=\"fusion-no-lightbox\" href=\"\/en\/precooked-dishes\/\" target=\"_self\" aria-label=\"Precooked dishes\"><img loading=\"lazy\" decoding=\"async\" src=\"https:\/\/pescatrade.com\/wp-content\/uploads\/2016\/10\/PRECOCINADOS-2.jpg\" width=\"359\" height=\"373\" alt=\"precocinados\" class=\"img-responsive wp-image-813\" srcset=\"https:\/\/pescatrade.com\/wp-content\/uploads\/2016\/10\/PRECOCINADOS-2-200x208.jpg 200w, https:\/\/pescatrade.com\/wp-content\/uploads\/2016\/10\/PRECOCINADOS-2.jpg 359w\" sizes=\"auto, (max-width: 800px) 100vw, 359px\" \/><\/a><\/span><div class=\"fusion-clearfix\"><\/div>\n\n\t\t\t\t\t<\/div>\n\t\t\t\t<\/div><div  class=\"fusion-layout-column fusion_builder_column fusion_builder_column_1_3  fusion-one-third 1_3\"  style='margin-top:20px;margin-bottom:20px;width:30.6666%; margin-right: 4%;'>\n\t\t\t\t\t<div class=\"fusion-column-wrapper\" style=\"background-position:left top;background-repeat:no-repeat;-webkit-background-size:cover;-moz-background-size:cover;-o-background-size:cover;background-size:cover;\"  data-bg-url=\"\">\n\t\t\t\t\t\t<span class=\"fusion-imageframe imageframe-none imageframe-5 hover-type-none\"><a class=\"fusion-no-lightbox\" href=\"\/en\/ready-to-eat-dishes-dishes\/\" target=\"_self\" aria-label=\"PREPARADOS\"><img loading=\"lazy\" decoding=\"async\" src=\"https:\/\/pescatrade.com\/wp-content\/uploads\/2016\/10\/PREPARADOS-4.jpg\" width=\"359\" height=\"373\" alt=\"preparados\" class=\"img-responsive wp-image-1022\" srcset=\"https:\/\/pescatrade.com\/wp-content\/uploads\/2016\/10\/PREPARADOS-4-200x208.jpg 200w, https:\/\/pescatrade.com\/wp-content\/uploads\/2016\/10\/PREPARADOS-4.jpg 359w\" sizes=\"auto, (max-width: 800px) 100vw, 359px\" \/><\/a><\/span><div class=\"fusion-clearfix\"><\/div>\n\n\t\t\t\t\t<\/div>\n\t\t\t\t<\/div><div  class=\"fusion-layout-column fusion_builder_column fusion_builder_column_1_6  fusion-one-sixth fusion-column-last 1_6\"  style='margin-top:20px;margin-bottom:20px;width:13.3333%'>\n\t\t\t\t\t<div class=\"fusion-column-wrapper\" style=\"background-position:left top;background-repeat:no-repeat;-webkit-background-size:cover;-moz-background-size:cover;-o-background-size:cover;background-size:cover;\"  data-bg-url=\"\">\n\t\t\t\t\t\t<div class=\"fusion-clearfix\"><\/div>\n\n\t\t\t\t\t<\/div>\n\t\t\t\t<\/div><\/div><\/div><div id=\"pescatradeSelection\" class=\"fusion-fullwidth fullwidth-box fusion-parallax-none nonhundred-percent-fullwidth non-hundred-percent-height-scrolling\"  style='background-color: #000000;background-image: url(\"https:\/\/pescatrade.com\/wp-content\/uploads\/2015\/06\/10.jpg\");background-position: left top;background-repeat: repeat-x;padding-top:20px;padding-right:0px;padding-bottom:20px;padding-left:0px;border-top-width:0px;border-bottom-width:0px;border-color:#eae9e9;border-top-style:solid;border-bottom-style:solid;'><div class=\"fusion-builder-row fusion-row \"><div  class=\"fusion-layout-column fusion_builder_column fusion_builder_column_1_3  fusion-one-third fusion-column-first caja1PescatradeSelection 1_3\"  style='margin-top:0px;margin-bottom:20px;width:30.6666%; margin-right: 4%;'>\n\t\t\t\t\t<div class=\"fusion-column-wrapper\" style=\"background-position:left top;background-repeat:no-repeat;-webkit-background-size:cover;-moz-background-size:cover;-o-background-size:cover;background-size:cover;\"  data-bg-url=\"\">\n\t\t\t\t\t\t<div class=\"fusion-text\"><p><img loading=\"lazy\" decoding=\"async\" class=\"alignnone wp-image-1018 size-full\" src=\"https:\/\/pescatrade.com\/wp-content\/uploads\/2016\/10\/logo-pescatrade-negro-3.jpg\" width=\"273\" height=\"128\" srcset=\"https:\/\/pescatrade.com\/wp-content\/uploads\/2016\/10\/logo-pescatrade-negro-3-200x94.jpg 200w, https:\/\/pescatrade.com\/wp-content\/uploads\/2016\/10\/logo-pescatrade-negro-3.jpg 273w\" sizes=\"auto, (max-width: 273px) 100vw, 273px\" \/><\/p>\n<p>The quickest and easiest way to eat fish. Heat it and it&#8217;s ready in 5 minutes<\/p>\n<p>PESATRADE Selection is our distribution brand of chilled and frozen products that ranges from fish, fresh or prepared, to pre-cooked dishes.<\/p>\n<\/div><div class=\"fusion-button-wrapper\"><style type=\"text\/css\" scoped=\"scoped\">.fusion-button.button-1 .fusion-button-text, .fusion-button.button-1 i {color:#ffffff;}.fusion-button.button-1 {border-width:0px;border-color:#ffffff;}.fusion-button.button-1 .fusion-button-icon-divider{border-color:#ffffff;}.fusion-button.button-1:hover .fusion-button-text, .fusion-button.button-1:hover i,.fusion-button.button-1:focus .fusion-button-text, .fusion-button.button-1:focus i,.fusion-button.button-1:active .fusion-button-text, .fusion-button.button-1:active{color:#ffffff;}.fusion-button.button-1:hover, .fusion-button.button-1:focus, .fusion-button.button-1:active{border-width:0px;border-color:#ffffff;}.fusion-button.button-1:hover .fusion-button-icon-divider, .fusion-button.button-1:hover .fusion-button-icon-divider, .fusion-button.button-1:active .fusion-button-icon-divider{border-color:#ffffff;}.fusion-button.button-1{background: #072e71;}.fusion-button.button-1:hover,.button-1:focus,.fusion-button.button-1:active{background: #88add9;}.fusion-button.button-1{width:auto;}<\/style><a class=\"fusion-button button-flat fusion-button-square button-large button-custom button-1\" target=\"_self\" href=\"\/en\/pescatrade-selection\/\" id=\"btnFranjaPescatradeSeleccion\"><span class=\"fusion-button-text\">Would you like to know more?<\/span><\/a><\/div><div class=\"fusion-clearfix\"><\/div>\n\n\t\t\t\t\t<\/div>\n\t\t\t\t<\/div><div  class=\"fusion-layout-column fusion_builder_column fusion_builder_column_2_3  fusion-two-third fusion-column-last 2_3\"  style='margin-top:0px;margin-bottom:20px;width:65.3333%'>\n\t\t\t\t\t<div class=\"fusion-column-wrapper\" style=\"background-position:left top;background-repeat:no-repeat;-webkit-background-size:cover;-moz-background-size:cover;-o-background-size:cover;background-size:cover;\"  data-bg-url=\"\">\n\t\t\t\t\t\t<div class=\"fusion-text\"><p><img loading=\"lazy\" decoding=\"async\" class=\"alignnone wp-image-1026 size-full\" src=\"https:\/\/pescatrade.com\/wp-content\/uploads\/2016\/10\/arroz-negro-home-eng-1-1.png\" width=\"855\" height=\"478\" srcset=\"https:\/\/pescatrade.com\/wp-content\/uploads\/2016\/10\/arroz-negro-home-eng-1-1-200x112.png 200w, https:\/\/pescatrade.com\/wp-content\/uploads\/2016\/10\/arroz-negro-home-eng-1-1-300x168.png 300w, https:\/\/pescatrade.com\/wp-content\/uploads\/2016\/10\/arroz-negro-home-eng-1-1-400x224.png 400w, https:\/\/pescatrade.com\/wp-content\/uploads\/2016\/10\/arroz-negro-home-eng-1-1-600x335.png 600w, https:\/\/pescatrade.com\/wp-content\/uploads\/2016\/10\/arroz-negro-home-eng-1-1-768x429.png 768w, https:\/\/pescatrade.com\/wp-content\/uploads\/2016\/10\/arroz-negro-home-eng-1-1-800x447.png 800w, https:\/\/pescatrade.com\/wp-content\/uploads\/2016\/10\/arroz-negro-home-eng-1-1.png 855w\" sizes=\"auto, (max-width: 855px) 100vw, 855px\" \/><\/p>\n<\/div><div class=\"fusion-clearfix\"><\/div>\n\n\t\t\t\t\t<\/div>\n\t\t\t\t<\/div><\/div><\/div><\/p>\n","protected":false},"excerpt":{"rendered":"","protected":false},"author":1,"featured_media":0,"parent":0,"menu_order":0,"comment_status":"open","ping_status":"open","template":"100-width.php","meta":{"_monsterinsights_skip_tracking":false,"_monsterinsights_sitenote_active":false,"_monsterinsights_sitenote_note":"","_monsterinsights_sitenote_category":0,"footnotes":""},"class_list":["post-570","page","type-page","status-publish","hentry"],"yoast_head":"<!-- This site is optimized with the Yoast SEO plugin v25.1 - https:\/\/yoast.com\/wordpress\/plugins\/seo\/ -->\n<title>Home - pescatrade<\/title>\n<meta name=\"robots\" content=\"index, follow, max-snippet:-1, max-image-preview:large, max-video-preview:-1\" \/>\n<link rel=\"canonical\" href=\"https:\/\/pescatrade.com\/en\/\" \/>\n<meta property=\"og:locale\" content=\"en_US\" \/>\n<meta property=\"og:type\" content=\"article\" \/>\n<meta property=\"og:title\" content=\"Home - pescatrade\" \/>\n<meta property=\"og:url\" content=\"https:\/\/pescatrade.com\/en\/\" \/>\n<meta property=\"og:site_name\" content=\"pescatrade\" \/>\n<meta property=\"article:modified_time\" content=\"2018-06-03T15:41:37+00:00\" \/>\n<meta property=\"og:image\" content=\"https:\/\/pescatrade.com\/wp-content\/uploads\/2016\/10\/PESCADOS-2.jpg\" \/>\n\t<meta property=\"og:image:width\" content=\"359\" \/>\n\t<meta property=\"og:image:height\" content=\"373\" \/>\n\t<meta property=\"og:image:type\" content=\"image\/jpeg\" \/>\n<meta name=\"twitter:card\" content=\"summary_large_image\" \/>\n<meta name=\"twitter:label1\" content=\"Est. reading time\" \/>\n\t<meta name=\"twitter:data1\" content=\"6 minutes\" \/>\n<script type=\"application\/ld+json\" class=\"yoast-schema-graph\">{\"@context\":\"https:\/\/schema.org\",\"@graph\":[{\"@type\":\"WebPage\",\"@id\":\"https:\/\/pescatrade.com\/en\/\",\"url\":\"https:\/\/pescatrade.com\/en\/\",\"name\":\"Home - pescatrade\",\"isPartOf\":{\"@id\":\"https:\/\/pescatrade.com\/#website\"},\"primaryImageOfPage\":{\"@id\":\"https:\/\/pescatrade.com\/en\/#primaryimage\"},\"image\":{\"@id\":\"https:\/\/pescatrade.com\/en\/#primaryimage\"},\"thumbnailUrl\":\"https:\/\/pescatrade.com\/wp-content\/uploads\/2016\/10\/PESCADOS-2.jpg\",\"datePublished\":\"2016-10-04T10:34:47+00:00\",\"dateModified\":\"2018-06-03T15:41:37+00:00\",\"breadcrumb\":{\"@id\":\"https:\/\/pescatrade.com\/en\/#breadcrumb\"},\"inLanguage\":\"en-US\",\"potentialAction\":[{\"@type\":\"ReadAction\",\"target\":[\"https:\/\/pescatrade.com\/en\/\"]}]},{\"@type\":\"ImageObject\",\"inLanguage\":\"en-US\",\"@id\":\"https:\/\/pescatrade.com\/en\/#primaryimage\",\"url\":\"https:\/\/pescatrade.com\/wp-content\/uploads\/2016\/10\/PESCADOS-2.jpg\",\"contentUrl\":\"https:\/\/pescatrade.com\/wp-content\/uploads\/2016\/10\/PESCADOS-2.jpg\"},{\"@type\":\"BreadcrumbList\",\"@id\":\"https:\/\/pescatrade.com\/en\/#breadcrumb\",\"itemListElement\":[{\"@type\":\"ListItem\",\"position\":1,\"name\":\"Portada\",\"item\":\"https:\/\/pescatrade.com\/en\/\"},{\"@type\":\"ListItem\",\"position\":2,\"name\":\"Home\"}]},{\"@type\":\"WebSite\",\"@id\":\"https:\/\/pescatrade.com\/#website\",\"url\":\"https:\/\/pescatrade.com\/\",\"name\":\"pescatrade\",\"description\":\"En Pescatrade somos pioneros, desde nuestro nacimiento, en la pesca, transformaci\u00f3n, conservaci\u00f3n y comercializaci\u00f3n de los mejores pescados y mariscos tanto frescos como ultracongelados.\",\"potentialAction\":[{\"@type\":\"SearchAction\",\"target\":{\"@type\":\"EntryPoint\",\"urlTemplate\":\"https:\/\/pescatrade.com\/?s={search_term_string}\"},\"query-input\":{\"@type\":\"PropertyValueSpecification\",\"valueRequired\":true,\"valueName\":\"search_term_string\"}}],\"inLanguage\":\"en-US\"}]}<\/script>\n<!-- \/ Yoast SEO plugin. -->","yoast_head_json":{"title":"Home - pescatrade","robots":{"index":"index","follow":"follow","max-snippet":"max-snippet:-1","max-image-preview":"max-image-preview:large","max-video-preview":"max-video-preview:-1"},"canonical":"https:\/\/pescatrade.com\/en\/","og_locale":"en_US","og_type":"article","og_title":"Home - pescatrade","og_url":"https:\/\/pescatrade.com\/en\/","og_site_name":"pescatrade","article_modified_time":"2018-06-03T15:41:37+00:00","og_image":[{"width":359,"height":373,"url":"https:\/\/pescatrade.com\/wp-content\/uploads\/2016\/10\/PESCADOS-2.jpg","type":"image\/jpeg"}],"twitter_card":"summary_large_image","twitter_misc":{"Est. reading time":"6 minutes"},"schema":{"@context":"https:\/\/schema.org","@graph":[{"@type":"WebPage","@id":"https:\/\/pescatrade.com\/en\/","url":"https:\/\/pescatrade.com\/en\/","name":"Home - pescatrade","isPartOf":{"@id":"https:\/\/pescatrade.com\/#website"},"primaryImageOfPage":{"@id":"https:\/\/pescatrade.com\/en\/#primaryimage"},"image":{"@id":"https:\/\/pescatrade.com\/en\/#primaryimage"},"thumbnailUrl":"https:\/\/pescatrade.com\/wp-content\/uploads\/2016\/10\/PESCADOS-2.jpg","datePublished":"2016-10-04T10:34:47+00:00","dateModified":"2018-06-03T15:41:37+00:00","breadcrumb":{"@id":"https:\/\/pescatrade.com\/en\/#breadcrumb"},"inLanguage":"en-US","potentialAction":[{"@type":"ReadAction","target":["https:\/\/pescatrade.com\/en\/"]}]},{"@type":"ImageObject","inLanguage":"en-US","@id":"https:\/\/pescatrade.com\/en\/#primaryimage","url":"https:\/\/pescatrade.com\/wp-content\/uploads\/2016\/10\/PESCADOS-2.jpg","contentUrl":"https:\/\/pescatrade.com\/wp-content\/uploads\/2016\/10\/PESCADOS-2.jpg"},{"@type":"BreadcrumbList","@id":"https:\/\/pescatrade.com\/en\/#breadcrumb","itemListElement":[{"@type":"ListItem","position":1,"name":"Portada","item":"https:\/\/pescatrade.com\/en\/"},{"@type":"ListItem","position":2,"name":"Home"}]},{"@type":"WebSite","@id":"https:\/\/pescatrade.com\/#website","url":"https:\/\/pescatrade.com\/","name":"pescatrade","description":"En Pescatrade somos pioneros, desde nuestro nacimiento, en la pesca, transformaci\u00f3n, conservaci\u00f3n y comercializaci\u00f3n de los mejores pescados y mariscos tanto frescos como ultracongelados.","potentialAction":[{"@type":"SearchAction","target":{"@type":"EntryPoint","urlTemplate":"https:\/\/pescatrade.com\/?s={search_term_string}"},"query-input":{"@type":"PropertyValueSpecification","valueRequired":true,"valueName":"search_term_string"}}],"inLanguage":"en-US"}]}},"_links":{"self":[{"href":"https:\/\/pescatrade.com\/en\/wp-json\/wp\/v2\/pages\/570\/"}],"collection":[{"href":"https:\/\/pescatrade.com\/en\/wp-json\/wp\/v2\/pages\/"}],"about":[{"href":"https:\/\/pescatrade.com\/en\/wp-json\/wp\/v2\/types\/page\/"}],"author":[{"embeddable":true,"href":"https:\/\/pescatrade.com\/en\/wp-json\/wp\/v2\/users\/1\/"}],"replies":[{"embeddable":true,"href":"https:\/\/pescatrade.com\/en\/wp-json\/wp\/v2\/comments\/?post=570"}],"version-history":[{"count":14,"href":"https:\/\/pescatrade.com\/en\/wp-json\/wp\/v2\/pages\/570\/revisions\/"}],"predecessor-version":[{"id":1081,"href":"https:\/\/pescatrade.com\/en\/wp-json\/wp\/v2\/pages\/570\/revisions\/1081\/"}],"wp:attachment":[{"href":"https:\/\/pescatrade.com\/en\/wp-json\/wp\/v2\/media\/?parent=570"}],"curies":[{"name":"wp","href":"https:\/\/api.w.org\/{rel}","templated":true}]}}