{"id":582,"date":"2016-10-04T10:42:06","date_gmt":"2016-10-04T10:42:06","guid":{"rendered":"https:\/\/pescatrade.com\/?page_id=582&#038;lang=en"},"modified":"2018-06-03T15:41:37","modified_gmt":"2018-06-03T15:41:37","slug":"precooked-dishes","status":"publish","type":"page","link":"https:\/\/pescatrade.com\/en\/precooked-dishes\/","title":{"rendered":"Precooked dishes"},"content":{"rendered":"<p><div class=\"fusion-fullwidth fullwidth-box fusion-parallax-none nonhundred-percent-fullwidth non-hundred-percent-height-scrolling\"  style='background-color: rgba(255,255,255,0);background-image: url(\"https:\/\/pescatrade.com\/wp-content\/uploads\/2016\/06\/frito-precocinados.jpg\");background-position: center center;background-repeat: no-repeat;padding-top:50px;padding-right:30px;padding-bottom:50px;padding-left:50px;border-top-width:0px;border-bottom-width:0px;border-color:#eae9e9;border-top-style:solid;border-bottom-style:solid;-webkit-background-size:cover;-moz-background-size:cover;-o-background-size:cover;background-size:cover;'><div class=\"fusion-builder-row fusion-row \"><div  class=\"fusion-layout-column fusion_builder_column fusion_builder_column_1_3  fusion-one-third fusion-column-first 1_3\"  style='margin-top:0px;margin-bottom:20px;width:30.6666%; margin-right: 4%;'>\n\t\t\t\t\t<div class=\"fusion-column-wrapper\" style=\"background-position:left top;background-repeat:no-repeat;-webkit-background-size:cover;-moz-background-size:cover;-o-background-size:cover;background-size:cover;\"  data-bg-url=\"\">\n\t\t\t\t\t\t<div class=\"fusion-sep-clear\"><\/div><div class=\"fusion-separator fusion-full-width-sep sep-none\" style=\"margin-left: auto;margin-right: auto;margin-top:20px;\"><\/div><div class=\"fusion-text\"><h4>SEAFOOD DELICACIES<\/h4>\n<\/div><div class=\"fusion-sep-clear\"><\/div><div class=\"fusion-separator sep-single sep-solid\" style=\"border-color:#ffffff;border-top-width:20px;margin-top:10px;margin-bottom:10px;width:100%;max-width:30%;\"><\/div><div class=\"fusion-text\"><p style=\"color: #fff; font-size: 24px;\">We offer top quality raw materials and prepared products, both fresh and deep frozen, which can be processed and packaged according to the client&#8217;s specifications, including their own brand name.<\/p>\n<\/div><div class=\"fusion-clearfix\"><\/div>\n\n\t\t\t\t\t<\/div>\n\t\t\t\t<\/div><\/div><\/div><div class=\"fusion-fullwidth fullwidth-box nonhundred-percent-fullwidth non-hundred-percent-height-scrolling\"  style='background-color: rgba(255,255,255,0);background-position: left top;background-repeat: no-repeat;padding-top:20px;padding-right:0px;padding-bottom:20px;padding-left:0px;border-top-width:0px;border-bottom-width:0px;border-color:#eae9e9;border-top-style:solid;border-bottom-style:solid;'><div class=\"fusion-builder-row fusion-row \"><div  class=\"fusion-layout-column fusion_builder_column fusion_builder_column_1_3  fusion-one-third fusion-column-first listadoProductosColIzq 1_3\"  style='margin-top:20px;margin-bottom:20px;width:30.6666%; margin-right: 4%;'>\n\t\t\t\t\t<div class=\"fusion-column-wrapper\" style=\"background-position:left top;background-repeat:no-repeat;-webkit-background-size:cover;-moz-background-size:cover;-o-background-size:cover;background-size:cover;\"  data-bg-url=\"\">\n\t\t\t\t\t\t<span class=\"fusion-imageframe imageframe-none imageframe-1 hover-type-none\"><img loading=\"lazy\" decoding=\"async\" src=\"https:\/\/pescatrade.com\/wp-content\/uploads\/2016\/10\/CALAMAR-ROMANA-2.jpg\" width=\"359\" height=\"373\" alt=\"Squid in batter\" title=\"Squid in batter\" class=\"img-responsive wp-image-827\" srcset=\"https:\/\/pescatrade.com\/wp-content\/uploads\/2016\/10\/CALAMAR-ROMANA-2-200x208.jpg 200w, https:\/\/pescatrade.com\/wp-content\/uploads\/2016\/10\/CALAMAR-ROMANA-2.jpg 359w\" sizes=\"auto, (max-width: 800px) 100vw, 359px\" \/><\/span><div class=\"fusion-text\"><div id=\"caja-gris\"><\/div>\n<\/div><div class=\"fusion-clearfix\"><\/div>\n\n\t\t\t\t\t<\/div>\n\t\t\t\t<\/div><div  class=\"fusion-layout-column fusion_builder_column fusion_builder_column_1_3  fusion-one-third listadoProductosColIzq 1_3\"  style='margin-top:20px;margin-bottom:20px;width:30.6666%; margin-right: 4%;'>\n\t\t\t\t\t<div class=\"fusion-column-wrapper\" style=\"background-position:left top;background-repeat:no-repeat;-webkit-background-size:cover;-moz-background-size:cover;-o-background-size:cover;background-size:cover;\"  data-bg-url=\"\">\n\t\t\t\t\t\t<span class=\"fusion-imageframe imageframe-none imageframe-2 hover-type-none\"><img loading=\"lazy\" decoding=\"async\" src=\"https:\/\/pescatrade.com\/wp-content\/uploads\/2016\/10\/RABAS-1.jpg\" width=\"359\" height=\"373\" alt=\"\" title=\"Fried squid\" class=\"img-responsive wp-image-828\" srcset=\"https:\/\/pescatrade.com\/wp-content\/uploads\/2016\/10\/RABAS-1-200x208.jpg 200w, https:\/\/pescatrade.com\/wp-content\/uploads\/2016\/10\/RABAS-1.jpg 359w\" sizes=\"auto, (max-width: 800px) 100vw, 359px\" \/><\/span><div class=\"fusion-text\"><div id=\"caja-gris\"><\/div>\n<\/div><div class=\"fusion-clearfix\"><\/div>\n\n\t\t\t\t\t<\/div>\n\t\t\t\t<\/div><div  class=\"fusion-layout-column fusion_builder_column fusion_builder_column_1_3  fusion-one-third fusion-column-last listadoProductosColIzq 1_3\"  style='margin-top:20px;margin-bottom:20px;width:30.6666%'>\n\t\t\t\t\t<div class=\"fusion-column-wrapper\" style=\"background-position:left top;background-repeat:no-repeat;-webkit-background-size:cover;-moz-background-size:cover;-o-background-size:cover;background-size:cover;\"  data-bg-url=\"\">\n\t\t\t\t\t\t<span class=\"fusion-imageframe imageframe-none imageframe-3 hover-type-none\"><img loading=\"lazy\" decoding=\"async\" src=\"https:\/\/pescatrade.com\/wp-content\/uploads\/2016\/10\/FRITO-MIXTO-2.jpg\" width=\"359\" height=\"373\" alt=\"\" title=\"Mixed fried products\" class=\"img-responsive wp-image-829\" srcset=\"https:\/\/pescatrade.com\/wp-content\/uploads\/2016\/10\/FRITO-MIXTO-2-200x208.jpg 200w, https:\/\/pescatrade.com\/wp-content\/uploads\/2016\/10\/FRITO-MIXTO-2.jpg 359w\" sizes=\"auto, (max-width: 800px) 100vw, 359px\" \/><\/span><div class=\"fusion-text\"><div id=\"caja-gris\"><\/div>\n<\/div><div class=\"fusion-clearfix\"><\/div>\n\n\t\t\t\t\t<\/div>\n\t\t\t\t<\/div><div  class=\"fusion-layout-column fusion_builder_column fusion_builder_column_1_3  fusion-one-third fusion-column-first listadoProductosColIzq 1_3\"  style='margin-top:20px;margin-bottom:20px;width:30.6666%; margin-right: 4%;'>\n\t\t\t\t\t<div class=\"fusion-column-wrapper\" style=\"background-position:left top;background-repeat:no-repeat;-webkit-background-size:cover;-moz-background-size:cover;-o-background-size:cover;background-size:cover;\"  data-bg-url=\"\">\n\t\t\t\t\t\t<span class=\"fusion-imageframe imageframe-none imageframe-4 hover-type-none\"><img loading=\"lazy\" decoding=\"async\" src=\"https:\/\/pescatrade.com\/wp-content\/uploads\/2016\/10\/VARITAS-MERLUZA-2.jpg\" width=\"359\" height=\"373\" alt=\"\" title=\"Hake fingers\" class=\"img-responsive wp-image-830\" srcset=\"https:\/\/pescatrade.com\/wp-content\/uploads\/2016\/10\/VARITAS-MERLUZA-2-200x208.jpg 200w, https:\/\/pescatrade.com\/wp-content\/uploads\/2016\/10\/VARITAS-MERLUZA-2.jpg 359w\" sizes=\"auto, (max-width: 800px) 100vw, 359px\" \/><\/span><div class=\"fusion-text\"><div id=\"caja-gris\"><\/div>\n<\/div><div class=\"fusion-clearfix\"><\/div>\n\n\t\t\t\t\t<\/div>\n\t\t\t\t<\/div><\/div><\/div><div class=\"fusion-fullwidth fullwidth-box nonhundred-percent-fullwidth non-hundred-percent-height-scrolling\"  style='background-color: #cccccc;background-position: left top;background-repeat: no-repeat;padding-top:50px;padding-right:20px;padding-bottom:30px;padding-left:50px;border-top-width:0px;border-bottom-width:0px;border-color:#eae9e9;border-top-style:solid;border-bottom-style:solid;'><div class=\"fusion-builder-row fusion-row \"><div  class=\"fusion-layout-column fusion_builder_column fusion_builder_column_2_3  fusion-two-third fusion-column-first 2_3\"  style='margin-top:0px;margin-bottom:20px;width:65.3333%; margin-right: 4%;'>\n\t\t\t\t\t<div class=\"fusion-column-wrapper\" style=\"background-position:left top;background-repeat:no-repeat;-webkit-background-size:cover;-moz-background-size:cover;-o-background-size:cover;background-size:cover;\"  data-bg-url=\"\">\n\t\t\t\t\t\t<div class=\"fusion-text\"><h4>REQUEST FURTHER INFORMATION<\/h4>\n<\/div><div class=\"fusion-sep-clear\"><\/div><div class=\"fusion-separator sep-single sep-solid\" style=\"border-color:#ffffff;border-top-width:20px;margin-top:10px;margin-bottom:10px;width:100%;max-width:20%;\"><\/div><div class=\"fusion-clearfix\"><\/div>\n\n\t\t\t\t\t<\/div>\n\t\t\t\t<\/div><div  class=\"fusion-layout-column fusion_builder_column fusion_builder_column_1_3  fusion-one-third fusion-column-last 1_3\"  style='margin-top:0px;margin-bottom:20px;width:30.6666%'>\n\t\t\t\t\t<div class=\"fusion-column-wrapper\" style=\"background-position:left top;background-repeat:no-repeat;-webkit-background-size:cover;-moz-background-size:cover;-o-background-size:cover;background-size:cover;\"  data-bg-url=\"\">\n\t\t\t\t\t\t<div class=\"fusion-button-wrapper\"><style type=\"text\/css\" scoped=\"scoped\">.fusion-button.button-1 .fusion-button-text, .fusion-button.button-1 i {color:#ffffff;}.fusion-button.button-1 {border-width:2px;border-color:#ffffff;}.fusion-button.button-1 .fusion-button-icon-divider{border-color:#ffffff;}.fusion-button.button-1:hover .fusion-button-text, .fusion-button.button-1:hover i,.fusion-button.button-1:focus .fusion-button-text, .fusion-button.button-1:focus i,.fusion-button.button-1:active .fusion-button-text, .fusion-button.button-1:active{color:#072e71;}.fusion-button.button-1:hover, .fusion-button.button-1:focus, .fusion-button.button-1:active{border-width:2px;border-color:#072e71;}.fusion-button.button-1:hover .fusion-button-icon-divider, .fusion-button.button-1:hover .fusion-button-icon-divider, .fusion-button.button-1:active .fusion-button-icon-divider{border-color:#072e71;}.fusion-button.button-1{background: transparent;}.fusion-button.button-1:hover,.button-1:focus,.fusion-button.button-1:active{background: transparent;\n\t\t\t\t\t\t\tbackground-image: -webkit-gradient( linear, left bottom, left top, from( #transparent ), to( transparent ) );\n\t\t\t\t\t\t\tbackground-image: -webkit-linear-gradient( bottom, #transparent, transparent );\n\t\t\t\t\t\t\tbackground-image:   -moz-linear-gradient( bottom, #transparent, transparent );\n\t\t\t\t\t\t\tbackground-image:     -o-linear-gradient( bottom, #transparent, transparent );\n\t\t\t\t\t\t\tbackground-image: linear-gradient( to top, #transparent, transparent );}.fusion-button.button-1{width:auto;}<\/style><a class=\"fusion-button button-flat fusion-button-square button-xlarge button-custom button-1\" target=\"_self\" title=\"CONTACT NOW\" href=\"\/en\/contact\/\"><span class=\"fusion-button-text\">CONTACT NOW<\/span><\/a><\/div><div class=\"fusion-clearfix\"><\/div>\n\n\t\t\t\t\t<\/div>\n\t\t\t\t<\/div><\/div><\/div><div class=\"fusion-fullwidth fullwidth-box hundred-percent-fullwidth non-hundred-percent-height-scrolling\"  style='background-color: rgba(255,255,255,0);background-position: center center;background-repeat: no-repeat;padding-top:0px;padding-right:0px;padding-bottom:0px;padding-left:0px;margin-top: 30px;'><div class=\"fusion-builder-row fusion-row \"><div  class=\"fusion-layout-column fusion_builder_column fusion_builder_column_1_1  fusion-one-full fusion-column-first fusion-column-last fusion-column-no-min-height 1_1\"  style='margin-top:0px;margin-bottom:0px;'>\n\t\t\t\t\t<div class=\"fusion-column-wrapper\" style=\"background-position:left top;background-repeat:no-repeat;-webkit-background-size:cover;-moz-background-size:cover;-o-background-size:cover;background-size:cover;\"  data-bg-url=\"\">\n\t\t\t\t\t\t<div class=\"fusion-sep-clear\"><\/div><div class=\"fusion-separator fusion-full-width-sep sep-none\" style=\"margin-left: auto;margin-right: auto;margin-top:;\"><\/div><div class=\"fusion-clearfix\"><\/div>\n\n\t\t\t\t\t<\/div>\n\t\t\t\t<\/div><\/div><\/div><\/p>\n","protected":false},"excerpt":{"rendered":"","protected":false},"author":1,"featured_media":0,"parent":0,"menu_order":0,"comment_status":"open","ping_status":"open","template":"","meta":{"_monsterinsights_skip_tracking":false,"_monsterinsights_sitenote_active":false,"_monsterinsights_sitenote_note":"","_monsterinsights_sitenote_category":0,"footnotes":""},"class_list":["post-582","page","type-page","status-publish","hentry"],"yoast_head":"<!-- This site is optimized with the Yoast SEO plugin v25.1 - https:\/\/yoast.com\/wordpress\/plugins\/seo\/ -->\n<title>Precooked dishes - pescatrade<\/title>\n<meta name=\"robots\" content=\"index, follow, max-snippet:-1, max-image-preview:large, max-video-preview:-1\" \/>\n<link rel=\"canonical\" href=\"https:\/\/pescatrade.com\/en\/precooked-dishes\/\" \/>\n<meta property=\"og:locale\" content=\"en_US\" \/>\n<meta property=\"og:type\" content=\"article\" \/>\n<meta property=\"og:title\" content=\"Precooked dishes - pescatrade\" \/>\n<meta property=\"og:url\" content=\"https:\/\/pescatrade.com\/en\/precooked-dishes\/\" \/>\n<meta property=\"og:site_name\" content=\"pescatrade\" \/>\n<meta property=\"article:modified_time\" content=\"2018-06-03T15:41:37+00:00\" \/>\n<meta property=\"og:image\" content=\"https:\/\/pescatrade.com\/wp-content\/uploads\/2016\/10\/CALAMAR-ROMANA-2.jpg\" \/>\n\t<meta property=\"og:image:width\" content=\"359\" \/>\n\t<meta property=\"og:image:height\" content=\"373\" \/>\n\t<meta property=\"og:image:type\" content=\"image\/jpeg\" \/>\n<meta name=\"twitter:card\" content=\"summary_large_image\" \/>\n<meta name=\"twitter:label1\" content=\"Est. reading time\" \/>\n\t<meta name=\"twitter:data1\" content=\"6 minutes\" \/>\n<script type=\"application\/ld+json\" class=\"yoast-schema-graph\">{\"@context\":\"https:\/\/schema.org\",\"@graph\":[{\"@type\":\"WebPage\",\"@id\":\"https:\/\/pescatrade.com\/en\/precooked-dishes\/\",\"url\":\"https:\/\/pescatrade.com\/en\/precooked-dishes\/\",\"name\":\"Precooked dishes - pescatrade\",\"isPartOf\":{\"@id\":\"https:\/\/pescatrade.com\/#website\"},\"primaryImageOfPage\":{\"@id\":\"https:\/\/pescatrade.com\/en\/precooked-dishes\/#primaryimage\"},\"image\":{\"@id\":\"https:\/\/pescatrade.com\/en\/precooked-dishes\/#primaryimage\"},\"thumbnailUrl\":\"https:\/\/pescatrade.com\/wp-content\/uploads\/2016\/10\/CALAMAR-ROMANA-2.jpg\",\"datePublished\":\"2016-10-04T10:42:06+00:00\",\"dateModified\":\"2018-06-03T15:41:37+00:00\",\"breadcrumb\":{\"@id\":\"https:\/\/pescatrade.com\/en\/precooked-dishes\/#breadcrumb\"},\"inLanguage\":\"en-US\",\"potentialAction\":[{\"@type\":\"ReadAction\",\"target\":[\"https:\/\/pescatrade.com\/en\/precooked-dishes\/\"]}]},{\"@type\":\"ImageObject\",\"inLanguage\":\"en-US\",\"@id\":\"https:\/\/pescatrade.com\/en\/precooked-dishes\/#primaryimage\",\"url\":\"https:\/\/pescatrade.com\/wp-content\/uploads\/2016\/10\/CALAMAR-ROMANA-2.jpg\",\"contentUrl\":\"https:\/\/pescatrade.com\/wp-content\/uploads\/2016\/10\/CALAMAR-ROMANA-2.jpg\"},{\"@type\":\"BreadcrumbList\",\"@id\":\"https:\/\/pescatrade.com\/en\/precooked-dishes\/#breadcrumb\",\"itemListElement\":[{\"@type\":\"ListItem\",\"position\":1,\"name\":\"Portada\",\"item\":\"https:\/\/pescatrade.com\/en\/\"},{\"@type\":\"ListItem\",\"position\":2,\"name\":\"Precooked dishes\"}]},{\"@type\":\"WebSite\",\"@id\":\"https:\/\/pescatrade.com\/#website\",\"url\":\"https:\/\/pescatrade.com\/\",\"name\":\"pescatrade\",\"description\":\"En Pescatrade somos pioneros, desde nuestro nacimiento, en la pesca, transformaci\u00f3n, conservaci\u00f3n y comercializaci\u00f3n de los mejores pescados y mariscos tanto frescos como ultracongelados.\",\"potentialAction\":[{\"@type\":\"SearchAction\",\"target\":{\"@type\":\"EntryPoint\",\"urlTemplate\":\"https:\/\/pescatrade.com\/?s={search_term_string}\"},\"query-input\":{\"@type\":\"PropertyValueSpecification\",\"valueRequired\":true,\"valueName\":\"search_term_string\"}}],\"inLanguage\":\"en-US\"}]}<\/script>\n<!-- \/ Yoast SEO plugin. -->","yoast_head_json":{"title":"Precooked dishes - pescatrade","robots":{"index":"index","follow":"follow","max-snippet":"max-snippet:-1","max-image-preview":"max-image-preview:large","max-video-preview":"max-video-preview:-1"},"canonical":"https:\/\/pescatrade.com\/en\/precooked-dishes\/","og_locale":"en_US","og_type":"article","og_title":"Precooked dishes - pescatrade","og_url":"https:\/\/pescatrade.com\/en\/precooked-dishes\/","og_site_name":"pescatrade","article_modified_time":"2018-06-03T15:41:37+00:00","og_image":[{"width":359,"height":373,"url":"https:\/\/pescatrade.com\/wp-content\/uploads\/2016\/10\/CALAMAR-ROMANA-2.jpg","type":"image\/jpeg"}],"twitter_card":"summary_large_image","twitter_misc":{"Est. reading time":"6 minutes"},"schema":{"@context":"https:\/\/schema.org","@graph":[{"@type":"WebPage","@id":"https:\/\/pescatrade.com\/en\/precooked-dishes\/","url":"https:\/\/pescatrade.com\/en\/precooked-dishes\/","name":"Precooked dishes - pescatrade","isPartOf":{"@id":"https:\/\/pescatrade.com\/#website"},"primaryImageOfPage":{"@id":"https:\/\/pescatrade.com\/en\/precooked-dishes\/#primaryimage"},"image":{"@id":"https:\/\/pescatrade.com\/en\/precooked-dishes\/#primaryimage"},"thumbnailUrl":"https:\/\/pescatrade.com\/wp-content\/uploads\/2016\/10\/CALAMAR-ROMANA-2.jpg","datePublished":"2016-10-04T10:42:06+00:00","dateModified":"2018-06-03T15:41:37+00:00","breadcrumb":{"@id":"https:\/\/pescatrade.com\/en\/precooked-dishes\/#breadcrumb"},"inLanguage":"en-US","potentialAction":[{"@type":"ReadAction","target":["https:\/\/pescatrade.com\/en\/precooked-dishes\/"]}]},{"@type":"ImageObject","inLanguage":"en-US","@id":"https:\/\/pescatrade.com\/en\/precooked-dishes\/#primaryimage","url":"https:\/\/pescatrade.com\/wp-content\/uploads\/2016\/10\/CALAMAR-ROMANA-2.jpg","contentUrl":"https:\/\/pescatrade.com\/wp-content\/uploads\/2016\/10\/CALAMAR-ROMANA-2.jpg"},{"@type":"BreadcrumbList","@id":"https:\/\/pescatrade.com\/en\/precooked-dishes\/#breadcrumb","itemListElement":[{"@type":"ListItem","position":1,"name":"Portada","item":"https:\/\/pescatrade.com\/en\/"},{"@type":"ListItem","position":2,"name":"Precooked dishes"}]},{"@type":"WebSite","@id":"https:\/\/pescatrade.com\/#website","url":"https:\/\/pescatrade.com\/","name":"pescatrade","description":"En Pescatrade somos pioneros, desde nuestro nacimiento, en la pesca, transformaci\u00f3n, conservaci\u00f3n y comercializaci\u00f3n de los mejores pescados y mariscos tanto frescos como ultracongelados.","potentialAction":[{"@type":"SearchAction","target":{"@type":"EntryPoint","urlTemplate":"https:\/\/pescatrade.com\/?s={search_term_string}"},"query-input":{"@type":"PropertyValueSpecification","valueRequired":true,"valueName":"search_term_string"}}],"inLanguage":"en-US"}]}},"_links":{"self":[{"href":"https:\/\/pescatrade.com\/en\/wp-json\/wp\/v2\/pages\/582\/"}],"collection":[{"href":"https:\/\/pescatrade.com\/en\/wp-json\/wp\/v2\/pages\/"}],"about":[{"href":"https:\/\/pescatrade.com\/en\/wp-json\/wp\/v2\/types\/page\/"}],"author":[{"embeddable":true,"href":"https:\/\/pescatrade.com\/en\/wp-json\/wp\/v2\/users\/1\/"}],"replies":[{"embeddable":true,"href":"https:\/\/pescatrade.com\/en\/wp-json\/wp\/v2\/comments\/?post=582"}],"version-history":[{"count":5,"href":"https:\/\/pescatrade.com\/en\/wp-json\/wp\/v2\/pages\/582\/revisions\/"}],"predecessor-version":[{"id":1075,"href":"https:\/\/pescatrade.com\/en\/wp-json\/wp\/v2\/pages\/582\/revisions\/1075\/"}],"wp:attachment":[{"href":"https:\/\/pescatrade.com\/en\/wp-json\/wp\/v2\/media\/?parent=582"}],"curies":[{"name":"wp","href":"https:\/\/api.w.org\/{rel}","templated":true}]}}