{"id":619,"date":"2016-10-04T14:36:03","date_gmt":"2016-10-04T14:36:03","guid":{"rendered":"https:\/\/pescatrade.com\/?page_id=619&#038;lang=fr"},"modified":"2018-06-03T15:41:36","modified_gmt":"2018-06-03T15:41:36","slug":"debut","status":"publish","type":"page","link":"https:\/\/pescatrade.com\/fr\/","title":{"rendered":"D\u00c9BUT"},"content":{"rendered":"<p><div class=\"fusion-fullwidth fullwidth-box nonhundred-percent-fullwidth non-hundred-percent-height-scrolling\"  style='background-color: rgba(255,255,255,0);background-position: left top;background-repeat: no-repeat;padding-top:20px;padding-right:0px;padding-bottom:20px;padding-left:0px;border-top-width:0px;border-bottom-width:0px;border-color:#eae9e9;border-top-style:solid;border-bottom-style:solid;'><div class=\"fusion-builder-row fusion-row \"><div  class=\"fusion-layout-column fusion_builder_column fusion_builder_column_1_1  fusion-one-full fusion-column-first fusion-column-last fusion-column-no-min-height 1_1\"  style='margin-top:0px;margin-bottom:0px;'>\n\t\t\t\t\t<div class=\"fusion-column-wrapper\" style=\"background-position:left top;background-repeat:no-repeat;-webkit-background-size:cover;-moz-background-size:cover;-o-background-size:cover;background-size:cover;\"  data-bg-url=\"\">\n\t\t\t\t\t\t<div class=\"fusion-text\"><h2 style=\"text-align: center;\">PLAISIRS DE LA MER<\/h2>\n<\/div><div class=\"fusion-clearfix\"><\/div>\n\n\t\t\t\t\t<\/div>\n\t\t\t\t<\/div><\/div><\/div><div class=\"fusion-fullwidth fullwidth-box nonhundred-percent-fullwidth non-hundred-percent-height-scrolling\"  style='background-color: rgba(255,255,255,0);background-position: left top;background-repeat: no-repeat;padding-top:20px;padding-right:0px;padding-bottom:80px;padding-left:0px;border-top-width:0px;border-bottom-width:0px;border-color:#eae9e9;border-top-style:solid;border-bottom-style:solid;'><div class=\"fusion-builder-row fusion-row \"><div  class=\"fusion-layout-column fusion_builder_column fusion_builder_column_1_3  fusion-one-third fusion-column-first 1_3\"  style='margin-top:0px;margin-bottom:20px;width:30.6666%; margin-right: 4%;'>\n\t\t\t\t\t<div class=\"fusion-column-wrapper\" style=\"background-position:left top;background-repeat:no-repeat;-webkit-background-size:cover;-moz-background-size:cover;-o-background-size:cover;background-size:cover;\"  data-bg-url=\"\">\n\t\t\t\t\t\t<span class=\"fusion-imageframe imageframe-none imageframe-1 hover-type-none\"><a class=\"fusion-no-lightbox\" href=\"\/fr\/poissons\/\" target=\"_self\" aria-label=\"Poissons\"><img loading=\"lazy\" decoding=\"async\" src=\"https:\/\/pescatrade.com\/wp-content\/uploads\/2016\/10\/PESCADOS-1.jpg\" width=\"359\" height=\"373\" alt=\"pescados\" class=\"img-responsive wp-image-792\" srcset=\"https:\/\/pescatrade.com\/wp-content\/uploads\/2016\/10\/PESCADOS-1-200x208.jpg 200w, https:\/\/pescatrade.com\/wp-content\/uploads\/2016\/10\/PESCADOS-1.jpg 359w\" sizes=\"auto, (max-width: 800px) 100vw, 359px\" \/><\/a><\/span><div class=\"fusion-clearfix\"><\/div>\n\n\t\t\t\t\t<\/div>\n\t\t\t\t<\/div><div  class=\"fusion-layout-column fusion_builder_column fusion_builder_column_1_3  fusion-one-third 1_3\"  style='margin-top:0px;margin-bottom:20px;width:30.6666%; margin-right: 4%;'>\n\t\t\t\t\t<div class=\"fusion-column-wrapper\" style=\"background-position:left top;background-repeat:no-repeat;-webkit-background-size:cover;-moz-background-size:cover;-o-background-size:cover;background-size:cover;\"  data-bg-url=\"\">\n\t\t\t\t\t\t<span class=\"fusion-imageframe imageframe-none imageframe-2 hover-type-none\"><a class=\"fusion-no-lightbox\" href=\"\/fr\/cephalopodes\/\" target=\"_self\" aria-label=\"C\u00e9phalopodes\"><img loading=\"lazy\" decoding=\"async\" src=\"https:\/\/pescatrade.com\/wp-content\/uploads\/2016\/10\/CEFALOPODOS-1.jpg\" width=\"359\" height=\"373\" alt=\"cefal\u00f3podos\" class=\"img-responsive wp-image-793\" srcset=\"https:\/\/pescatrade.com\/wp-content\/uploads\/2016\/10\/CEFALOPODOS-1-200x208.jpg 200w, https:\/\/pescatrade.com\/wp-content\/uploads\/2016\/10\/CEFALOPODOS-1.jpg 359w\" sizes=\"auto, (max-width: 800px) 100vw, 359px\" \/><\/a><\/span><div class=\"fusion-clearfix\"><\/div>\n\n\t\t\t\t\t<\/div>\n\t\t\t\t<\/div><div  class=\"fusion-layout-column fusion_builder_column fusion_builder_column_1_3  fusion-one-third fusion-column-last 1_3\"  style='margin-top:0px;margin-bottom:20px;width:30.6666%'>\n\t\t\t\t\t<div class=\"fusion-column-wrapper\" style=\"background-position:left top;background-repeat:no-repeat;-webkit-background-size:cover;-moz-background-size:cover;-o-background-size:cover;background-size:cover;\"  data-bg-url=\"\">\n\t\t\t\t\t\t<span class=\"fusion-imageframe imageframe-none imageframe-3 hover-type-none\"><a class=\"fusion-no-lightbox\" href=\"\/fr\/crustaces\/\" target=\"_self\" aria-label=\"Crustaces\"><img loading=\"lazy\" decoding=\"async\" src=\"https:\/\/pescatrade.com\/wp-content\/uploads\/2016\/10\/mariscos.jpg\" width=\"359\" height=\"373\" alt=\"mariscos\" class=\"img-responsive wp-image-990\" srcset=\"https:\/\/pescatrade.com\/wp-content\/uploads\/2016\/10\/mariscos-200x208.jpg 200w, https:\/\/pescatrade.com\/wp-content\/uploads\/2016\/10\/mariscos.jpg 359w\" sizes=\"auto, (max-width: 800px) 100vw, 359px\" \/><\/a><\/span><div class=\"fusion-clearfix\"><\/div>\n\n\t\t\t\t\t<\/div>\n\t\t\t\t<\/div><div  class=\"fusion-layout-column fusion_builder_column fusion_builder_column_1_6  fusion-one-sixth fusion-column-first 1_6\"  style='margin-top:20px;margin-bottom:20px;width:13.3333%; margin-right: 4%;'>\n\t\t\t\t\t<div class=\"fusion-column-wrapper\" style=\"background-position:left top;background-repeat:no-repeat;-webkit-background-size:cover;-moz-background-size:cover;-o-background-size:cover;background-size:cover;\"  data-bg-url=\"\">\n\t\t\t\t\t\t<div class=\"fusion-clearfix\"><\/div>\n\n\t\t\t\t\t<\/div>\n\t\t\t\t<\/div><div  class=\"fusion-layout-column fusion_builder_column fusion_builder_column_1_3  fusion-one-third 1_3\"  style='margin-top:20px;margin-bottom:20px;width:30.6666%; margin-right: 4%;'>\n\t\t\t\t\t<div class=\"fusion-column-wrapper\" style=\"background-position:left top;background-repeat:no-repeat;-webkit-background-size:cover;-moz-background-size:cover;-o-background-size:cover;background-size:cover;\"  data-bg-url=\"\">\n\t\t\t\t\t\t<span class=\"fusion-imageframe imageframe-none imageframe-4 hover-type-none\"><a class=\"fusion-no-lightbox\" href=\"\/fr\/precuisines\/\" target=\"_self\" aria-label=\"Pr\u00e9cuisin\u00e9s\"><img loading=\"lazy\" decoding=\"async\" src=\"https:\/\/pescatrade.com\/wp-content\/uploads\/2016\/10\/PRECOCINADOS-1.jpg\" width=\"359\" height=\"373\" alt=\"precocinados\" class=\"img-responsive wp-image-795\" srcset=\"https:\/\/pescatrade.com\/wp-content\/uploads\/2016\/10\/PRECOCINADOS-1-200x208.jpg 200w, https:\/\/pescatrade.com\/wp-content\/uploads\/2016\/10\/PRECOCINADOS-1.jpg 359w\" sizes=\"auto, (max-width: 800px) 100vw, 359px\" \/><\/a><\/span><div class=\"fusion-clearfix\"><\/div>\n\n\t\t\t\t\t<\/div>\n\t\t\t\t<\/div><div  class=\"fusion-layout-column fusion_builder_column fusion_builder_column_1_3  fusion-one-third 1_3\"  style='margin-top:20px;margin-bottom:20px;width:30.6666%; margin-right: 4%;'>\n\t\t\t\t\t<div class=\"fusion-column-wrapper\" style=\"background-position:left top;background-repeat:no-repeat;-webkit-background-size:cover;-moz-background-size:cover;-o-background-size:cover;background-size:cover;\"  data-bg-url=\"\">\n\t\t\t\t\t\t<span class=\"fusion-imageframe imageframe-none imageframe-5 hover-type-none\"><a class=\"fusion-no-lightbox\" href=\"\/fr\/produits-elabores\/\" target=\"_self\" aria-label=\"Pr\u00e9pares\"><img loading=\"lazy\" decoding=\"async\" src=\"https:\/\/pescatrade.com\/wp-content\/uploads\/2016\/10\/PREPARADOS-1.jpg\" width=\"359\" height=\"373\" alt=\"preparados\" class=\"img-responsive wp-image-796\" srcset=\"https:\/\/pescatrade.com\/wp-content\/uploads\/2016\/10\/PREPARADOS-1-200x208.jpg 200w, https:\/\/pescatrade.com\/wp-content\/uploads\/2016\/10\/PREPARADOS-1.jpg 359w\" sizes=\"auto, (max-width: 800px) 100vw, 359px\" \/><\/a><\/span><div class=\"fusion-clearfix\"><\/div>\n\n\t\t\t\t\t<\/div>\n\t\t\t\t<\/div><div  class=\"fusion-layout-column fusion_builder_column fusion_builder_column_1_6  fusion-one-sixth fusion-column-last 1_6\"  style='margin-top:20px;margin-bottom:20px;width:13.3333%'>\n\t\t\t\t\t<div class=\"fusion-column-wrapper\" style=\"background-position:left top;background-repeat:no-repeat;-webkit-background-size:cover;-moz-background-size:cover;-o-background-size:cover;background-size:cover;\"  data-bg-url=\"\">\n\t\t\t\t\t\t<div class=\"fusion-clearfix\"><\/div>\n\n\t\t\t\t\t<\/div>\n\t\t\t\t<\/div><\/div><\/div><div id=\"pescatradeSelection\" class=\"fusion-fullwidth fullwidth-box fusion-parallax-none nonhundred-percent-fullwidth non-hundred-percent-height-scrolling\"  style='background-color: #000000;background-image: url(\"https:\/\/pescatrade.com\/wp-content\/uploads\/2015\/06\/10.jpg\");background-position: left top;background-repeat: repeat-x;padding-top:20px;padding-right:0px;padding-bottom:20px;padding-left:0px;border-top-width:0px;border-bottom-width:0px;border-color:#eae9e9;border-top-style:solid;border-bottom-style:solid;'><div class=\"fusion-builder-row fusion-row \"><div  class=\"fusion-layout-column fusion_builder_column fusion_builder_column_1_3  fusion-one-third fusion-column-first caja1PescatradeSelection 1_3\"  style='margin-top:0px;margin-bottom:20px;width:30.6666%; margin-right: 4%;'>\n\t\t\t\t\t<div class=\"fusion-column-wrapper\" style=\"background-position:left top;background-repeat:no-repeat;-webkit-background-size:cover;-moz-background-size:cover;-o-background-size:cover;background-size:cover;\"  data-bg-url=\"\">\n\t\t\t\t\t\t<div class=\"fusion-text\"><p><img loading=\"lazy\" decoding=\"async\" class=\"alignnone size-full wp-image-790\" src=\"https:\/\/pescatrade.com\/wp-content\/uploads\/2016\/10\/logo-negro-seleccion.jpg\" alt=\"Pescatrade Selection\" width=\"273\" height=\"128\" srcset=\"https:\/\/pescatrade.com\/wp-content\/uploads\/2016\/10\/logo-negro-seleccion-200x94.jpg 200w, https:\/\/pescatrade.com\/wp-content\/uploads\/2016\/10\/logo-negro-seleccion.jpg 273w\" sizes=\"auto, (max-width: 273px) 100vw, 273px\" \/><\/p>\n<p>La mani\u00e8re la plus facile et rapide de manger du poisson. R\u00e9chauffer et c&#8217;est pr\u00eat en cinq minutes.<\/p>\n<p>PESCATRADE S\u00e9lection est notre marque pour la distribution de produits r\u00e9frig\u00e9r\u00e9s et congel\u00e9s allant du poisson, nature ou \u00e9labor\u00e9, jusqu&#8217;aux plats cuisin\u00e9s.<\/p>\n<\/div><div class=\"fusion-button-wrapper\"><style type=\"text\/css\" scoped=\"scoped\">.fusion-button.button-1 .fusion-button-text, .fusion-button.button-1 i {color:#ffffff;}.fusion-button.button-1 {border-width:0px;border-color:#ffffff;}.fusion-button.button-1 .fusion-button-icon-divider{border-color:#ffffff;}.fusion-button.button-1:hover .fusion-button-text, .fusion-button.button-1:hover i,.fusion-button.button-1:focus .fusion-button-text, .fusion-button.button-1:focus i,.fusion-button.button-1:active .fusion-button-text, .fusion-button.button-1:active{color:#ffffff;}.fusion-button.button-1:hover, .fusion-button.button-1:focus, .fusion-button.button-1:active{border-width:0px;border-color:#ffffff;}.fusion-button.button-1:hover .fusion-button-icon-divider, .fusion-button.button-1:hover .fusion-button-icon-divider, .fusion-button.button-1:active .fusion-button-icon-divider{border-color:#ffffff;}.fusion-button.button-1{background: #072e71;}.fusion-button.button-1:hover,.button-1:focus,.fusion-button.button-1:active{background: #88add9;}.fusion-button.button-1{width:auto;}<\/style><a class=\"fusion-button button-flat fusion-button-square button-large button-custom button-1\" target=\"_self\" href=\"\/fr\/pescatrade-selection\/\" id=\"btnFranjaPescatradeSeleccion\"><span class=\"fusion-button-text\">Voulez vous en savoir plus?<\/span><\/a><\/div><div class=\"fusion-clearfix\"><\/div>\n\n\t\t\t\t\t<\/div>\n\t\t\t\t<\/div><div  class=\"fusion-layout-column fusion_builder_column fusion_builder_column_2_3  fusion-two-third fusion-column-last 2_3\"  style='margin-top:0px;margin-bottom:20px;width:65.3333%'>\n\t\t\t\t\t<div class=\"fusion-column-wrapper\" style=\"background-position:left top;background-repeat:no-repeat;-webkit-background-size:cover;-moz-background-size:cover;-o-background-size:cover;background-size:cover;\"  data-bg-url=\"\">\n\t\t\t\t\t\t<div class=\"fusion-text\"><p><img loading=\"lazy\" decoding=\"async\" class=\"alignnone size-full wp-image-992\" src=\"https:\/\/pescatrade.com\/wp-content\/uploads\/2016\/10\/arroz-negro-home.png\" alt=\"\" width=\"855\" height=\"478\" srcset=\"https:\/\/pescatrade.com\/wp-content\/uploads\/2016\/10\/arroz-negro-home-200x112.png 200w, https:\/\/pescatrade.com\/wp-content\/uploads\/2016\/10\/arroz-negro-home-300x168.png 300w, https:\/\/pescatrade.com\/wp-content\/uploads\/2016\/10\/arroz-negro-home-400x224.png 400w, https:\/\/pescatrade.com\/wp-content\/uploads\/2016\/10\/arroz-negro-home-600x335.png 600w, https:\/\/pescatrade.com\/wp-content\/uploads\/2016\/10\/arroz-negro-home-768x429.png 768w, https:\/\/pescatrade.com\/wp-content\/uploads\/2016\/10\/arroz-negro-home-800x447.png 800w, https:\/\/pescatrade.com\/wp-content\/uploads\/2016\/10\/arroz-negro-home.png 855w\" sizes=\"auto, (max-width: 855px) 100vw, 855px\" \/><\/p>\n<\/div><div class=\"fusion-clearfix\"><\/div>\n\n\t\t\t\t\t<\/div>\n\t\t\t\t<\/div><\/div><\/div><\/p>\n","protected":false},"excerpt":{"rendered":"","protected":false},"author":1,"featured_media":0,"parent":0,"menu_order":0,"comment_status":"open","ping_status":"open","template":"100-width.php","meta":{"_monsterinsights_skip_tracking":false,"_monsterinsights_sitenote_active":false,"_monsterinsights_sitenote_note":"","_monsterinsights_sitenote_category":0,"footnotes":""},"class_list":["post-619","page","type-page","status-publish","hentry"],"yoast_head":"<!-- This site is optimized with the Yoast SEO plugin v25.1 - https:\/\/yoast.com\/wordpress\/plugins\/seo\/ -->\n<title>D\u00c9BUT - pescatrade<\/title>\n<meta name=\"robots\" content=\"index, follow, max-snippet:-1, max-image-preview:large, max-video-preview:-1\" \/>\n<link rel=\"canonical\" href=\"https:\/\/pescatrade.com\/fr\/\" \/>\n<meta property=\"og:locale\" content=\"fr_FR\" \/>\n<meta property=\"og:type\" content=\"article\" \/>\n<meta property=\"og:title\" content=\"D\u00c9BUT - pescatrade\" \/>\n<meta property=\"og:url\" content=\"https:\/\/pescatrade.com\/fr\/\" \/>\n<meta property=\"og:site_name\" content=\"pescatrade\" \/>\n<meta property=\"article:modified_time\" content=\"2018-06-03T15:41:36+00:00\" \/>\n<meta property=\"og:image\" content=\"https:\/\/pescatrade.com\/wp-content\/uploads\/2016\/10\/PESCADOS-1.jpg\" \/>\n\t<meta property=\"og:image:width\" content=\"359\" \/>\n\t<meta property=\"og:image:height\" content=\"373\" \/>\n\t<meta property=\"og:image:type\" content=\"image\/jpeg\" \/>\n<meta name=\"twitter:card\" content=\"summary_large_image\" \/>\n<meta name=\"twitter:label1\" content=\"Dur\u00e9e de lecture estim\u00e9e\" \/>\n\t<meta name=\"twitter:data1\" content=\"6 minutes\" \/>\n<script type=\"application\/ld+json\" class=\"yoast-schema-graph\">{\"@context\":\"https:\/\/schema.org\",\"@graph\":[{\"@type\":\"WebPage\",\"@id\":\"https:\/\/pescatrade.com\/fr\/\",\"url\":\"https:\/\/pescatrade.com\/fr\/\",\"name\":\"D\u00c9BUT - pescatrade\",\"isPartOf\":{\"@id\":\"https:\/\/pescatrade.com\/#website\"},\"primaryImageOfPage\":{\"@id\":\"https:\/\/pescatrade.com\/fr\/#primaryimage\"},\"image\":{\"@id\":\"https:\/\/pescatrade.com\/fr\/#primaryimage\"},\"thumbnailUrl\":\"https:\/\/pescatrade.com\/wp-content\/uploads\/2016\/10\/PESCADOS-1.jpg\",\"datePublished\":\"2016-10-04T14:36:03+00:00\",\"dateModified\":\"2018-06-03T15:41:36+00:00\",\"breadcrumb\":{\"@id\":\"https:\/\/pescatrade.com\/fr\/#breadcrumb\"},\"inLanguage\":\"fr-FR\",\"potentialAction\":[{\"@type\":\"ReadAction\",\"target\":[\"https:\/\/pescatrade.com\/fr\/\"]}]},{\"@type\":\"ImageObject\",\"inLanguage\":\"fr-FR\",\"@id\":\"https:\/\/pescatrade.com\/fr\/#primaryimage\",\"url\":\"https:\/\/pescatrade.com\/wp-content\/uploads\/2016\/10\/PESCADOS-1.jpg\",\"contentUrl\":\"https:\/\/pescatrade.com\/wp-content\/uploads\/2016\/10\/PESCADOS-1.jpg\"},{\"@type\":\"BreadcrumbList\",\"@id\":\"https:\/\/pescatrade.com\/fr\/#breadcrumb\",\"itemListElement\":[{\"@type\":\"ListItem\",\"position\":1,\"name\":\"Portada\",\"item\":\"https:\/\/pescatrade.com\/fr\/\"},{\"@type\":\"ListItem\",\"position\":2,\"name\":\"D\u00c9BUT\"}]},{\"@type\":\"WebSite\",\"@id\":\"https:\/\/pescatrade.com\/#website\",\"url\":\"https:\/\/pescatrade.com\/\",\"name\":\"pescatrade\",\"description\":\"En Pescatrade somos pioneros, desde nuestro nacimiento, en la pesca, transformaci\u00f3n, conservaci\u00f3n y comercializaci\u00f3n de los mejores pescados y mariscos tanto frescos como ultracongelados.\",\"potentialAction\":[{\"@type\":\"SearchAction\",\"target\":{\"@type\":\"EntryPoint\",\"urlTemplate\":\"https:\/\/pescatrade.com\/?s={search_term_string}\"},\"query-input\":{\"@type\":\"PropertyValueSpecification\",\"valueRequired\":true,\"valueName\":\"search_term_string\"}}],\"inLanguage\":\"fr-FR\"}]}<\/script>\n<!-- \/ Yoast SEO plugin. -->","yoast_head_json":{"title":"D\u00c9BUT - pescatrade","robots":{"index":"index","follow":"follow","max-snippet":"max-snippet:-1","max-image-preview":"max-image-preview:large","max-video-preview":"max-video-preview:-1"},"canonical":"https:\/\/pescatrade.com\/fr\/","og_locale":"fr_FR","og_type":"article","og_title":"D\u00c9BUT - pescatrade","og_url":"https:\/\/pescatrade.com\/fr\/","og_site_name":"pescatrade","article_modified_time":"2018-06-03T15:41:36+00:00","og_image":[{"width":359,"height":373,"url":"https:\/\/pescatrade.com\/wp-content\/uploads\/2016\/10\/PESCADOS-1.jpg","type":"image\/jpeg"}],"twitter_card":"summary_large_image","twitter_misc":{"Dur\u00e9e de lecture estim\u00e9e":"6 minutes"},"schema":{"@context":"https:\/\/schema.org","@graph":[{"@type":"WebPage","@id":"https:\/\/pescatrade.com\/fr\/","url":"https:\/\/pescatrade.com\/fr\/","name":"D\u00c9BUT - pescatrade","isPartOf":{"@id":"https:\/\/pescatrade.com\/#website"},"primaryImageOfPage":{"@id":"https:\/\/pescatrade.com\/fr\/#primaryimage"},"image":{"@id":"https:\/\/pescatrade.com\/fr\/#primaryimage"},"thumbnailUrl":"https:\/\/pescatrade.com\/wp-content\/uploads\/2016\/10\/PESCADOS-1.jpg","datePublished":"2016-10-04T14:36:03+00:00","dateModified":"2018-06-03T15:41:36+00:00","breadcrumb":{"@id":"https:\/\/pescatrade.com\/fr\/#breadcrumb"},"inLanguage":"fr-FR","potentialAction":[{"@type":"ReadAction","target":["https:\/\/pescatrade.com\/fr\/"]}]},{"@type":"ImageObject","inLanguage":"fr-FR","@id":"https:\/\/pescatrade.com\/fr\/#primaryimage","url":"https:\/\/pescatrade.com\/wp-content\/uploads\/2016\/10\/PESCADOS-1.jpg","contentUrl":"https:\/\/pescatrade.com\/wp-content\/uploads\/2016\/10\/PESCADOS-1.jpg"},{"@type":"BreadcrumbList","@id":"https:\/\/pescatrade.com\/fr\/#breadcrumb","itemListElement":[{"@type":"ListItem","position":1,"name":"Portada","item":"https:\/\/pescatrade.com\/fr\/"},{"@type":"ListItem","position":2,"name":"D\u00c9BUT"}]},{"@type":"WebSite","@id":"https:\/\/pescatrade.com\/#website","url":"https:\/\/pescatrade.com\/","name":"pescatrade","description":"En Pescatrade somos pioneros, desde nuestro nacimiento, en la pesca, transformaci\u00f3n, conservaci\u00f3n y comercializaci\u00f3n de los mejores pescados y mariscos tanto frescos como ultracongelados.","potentialAction":[{"@type":"SearchAction","target":{"@type":"EntryPoint","urlTemplate":"https:\/\/pescatrade.com\/?s={search_term_string}"},"query-input":{"@type":"PropertyValueSpecification","valueRequired":true,"valueName":"search_term_string"}}],"inLanguage":"fr-FR"}]}},"_links":{"self":[{"href":"https:\/\/pescatrade.com\/fr\/wp-json\/wp\/v2\/pages\/619\/"}],"collection":[{"href":"https:\/\/pescatrade.com\/fr\/wp-json\/wp\/v2\/pages\/"}],"about":[{"href":"https:\/\/pescatrade.com\/fr\/wp-json\/wp\/v2\/types\/page\/"}],"author":[{"embeddable":true,"href":"https:\/\/pescatrade.com\/fr\/wp-json\/wp\/v2\/users\/1\/"}],"replies":[{"embeddable":true,"href":"https:\/\/pescatrade.com\/fr\/wp-json\/wp\/v2\/comments\/?post=619"}],"version-history":[{"count":11,"href":"https:\/\/pescatrade.com\/fr\/wp-json\/wp\/v2\/pages\/619\/revisions\/"}],"predecessor-version":[{"id":1071,"href":"https:\/\/pescatrade.com\/fr\/wp-json\/wp\/v2\/pages\/619\/revisions\/1071\/"}],"wp:attachment":[{"href":"https:\/\/pescatrade.com\/fr\/wp-json\/wp\/v2\/media\/?parent=619"}],"curies":[{"name":"wp","href":"https:\/\/api.w.org\/{rel}","templated":true}]}}