{"id":641,"date":"2015-06-16T11:25:15","date_gmt":"2015-06-16T11:25:15","guid":{"rendered":"https:\/\/pescatrade.com\/?page_id=641&#038;lang=fr"},"modified":"2023-03-16T15:45:18","modified_gmt":"2023-03-16T15:45:18","slug":"contact","status":"publish","type":"page","link":"https:\/\/pescatrade.com\/fr\/contact\/","title":{"rendered":"Contact"},"content":{"rendered":"<p><div class=\"fusion-fullwidth fullwidth-box hundred-percent-fullwidth non-hundred-percent-height-scrolling\"  style='background-color: rgba(255,255,255,0);background-position: center center;background-repeat: no-repeat;padding-top:0px;padding-right:0px;padding-bottom:0px;padding-left:0px;margin-bottom: 0px;margin-top: 0px;'><div class=\"fusion-builder-row fusion-row \"><div  class=\"fusion-layout-column fusion_builder_column fusion_builder_column_1_1  fusion-one-full fusion-column-first fusion-column-last 1_1\"  style='margin-top:0px;margin-bottom:0px;'>\n\t\t\t\t\t<div class=\"fusion-column-wrapper\" style=\"padding: 0px 0px 0px 0px;background-position:left top;background-repeat:no-repeat;-webkit-background-size:cover;-moz-background-size:cover;-o-background-size:cover;background-size:cover;\"  data-bg-url=\"\">\n\t\t\t\t\t\t\t\t\t\t\t<script type=\"text\/javascript\">\n\t\t\t\t\t\tvar map_fusion_map_69e083ebeb2a3;\n\t\t\t\t\t\tvar markers = [];\n\t\t\t\t\t\tvar counter = 0;\n\t\t\t\t\t\t\t\t\t\t\t\t\t\t\t\t\t\t\t\tvar fusionMapNonce = 'f0fbd233ca';\n\t\t\t\t\t\t\t\t\t\t\t\tfunction fusion_run_map_fusion_map_69e083ebeb2a3() {\n\t\t\t\t\t\t\tjQuery('#fusion_map_69e083ebeb2a3').fusion_maps({\n\t\t\t\t\t\t\t\taddresses: [{\"address\":\"Plaza Industrial Heras, 202, 39619, Cantabria\",\"infobox_content\":\"Plaza Industrial Heras, 202, 39619, Cantabria\",\"coordinates\":false,\"cache\":true,\"latitude\":\"43.3981127\",\"longitude\":\"-3.7933315999999877\"}],\n\t\t\t\t\t\t\t\tanimations: true,\n\t\t\t\t\t\t\t\tinfobox_background_color: '',\n\t\t\t\t\t\t\t\tinfobox_styling: 'default',\n\t\t\t\t\t\t\t\tinfobox_text_color: '',\n\t\t\t\t\t\t\t\tmap_style: 'default',\n\t\t\t\t\t\t\t\tmap_type: 'roadmap',\n\t\t\t\t\t\t\t\tmarker_icon: '',\n\t\t\t\t\t\t\t\toverlay_color: '',\n\t\t\t\t\t\t\t\toverlay_color_hsl: {\"hue\":0,\"sat\":0,\"lum\":100},\n\t\t\t\t\t\t\t\tpan_control: true,\n\t\t\t\t\t\t\t\tshow_address: true,\n\t\t\t\t\t\t\t\tscale_control: true,\n\t\t\t\t\t\t\t\tscrollwheel: false,\n\t\t\t\t\t\t\t\tzoom: 14,\n\t\t\t\t\t\t\t\tzoom_control: true,\n\t\t\t\t\t\t\t});\n\t\t\t\t\t\t}\n\n\t\t\t\t\t\tgoogle.maps.event.addDomListener(window, 'load', fusion_run_map_fusion_map_69e083ebeb2a3);\n\t\t\t\t\t<\/script>\n\t\t\t\t\t<div class=\"shortcode-map fusion-google-map\" id=\"fusion_map_69e083ebeb2a3\" style=\"height:415px;width:100%;\"><\/div><div class=\"fusion-clearfix\"><\/div>\n\n\t\t\t\t\t<\/div>\n\t\t\t\t<\/div><\/div><\/div><div class=\"fusion-fullwidth fullwidth-box nonhundred-percent-fullwidth non-hundred-percent-height-scrolling\"  style='background-color: rgba(255,255,255,0);background-position: center center;background-repeat: no-repeat;padding-top:0px;padding-right:0px;padding-bottom:0px;padding-left:0px;margin-top: 55px;'><div class=\"fusion-builder-row fusion-row \"><div id=\"text-6\" class=\"fusion-layout-column fusion_builder_column fusion_builder_column_1_4  fusion-one-fourth fusion-column-first 1_4\"  style='margin-top:0px;margin-bottom:20px;width:25%;width:calc(25% - ( ( 4% ) * 0.25 ) );margin-right: 4%;'>\n\t\t\t\t\t<div class=\"fusion-column-wrapper\" style=\"padding: 0px 0px 0px 0px;background-position:left top;background-repeat:no-repeat;-webkit-background-size:cover;-moz-background-size:cover;-o-background-size:cover;background-size:cover;\"  data-bg-url=\"\">\n\t\t\t\t\t\t<div class=\"fusion-text\"><p><span class=\"titular\">Nous nous trouvons\u2026<\/span><\/p>\n<address>Pol\u00edgono Industrial de Heras, parcela 300 &#8211; 39.792 Heras Cantabria<\/address>\n<\/div><div class=\"fusion-clearfix\"><\/div>\n\n\t\t\t\t\t<\/div>\n\t\t\t\t<\/div><div  class=\"fusion-layout-column fusion_builder_column fusion_builder_column_3_4  fusion-three-fourth fusion-column-last 3_4\"  style='margin-top:0px;margin-bottom:0px;width:75%;width:calc(75% - ( ( 4% ) * 0.75 ) );'>\n\t\t\t\t\t<div class=\"fusion-column-wrapper\" style=\"padding: 0px 0px 0px 0px;background-position:left top;background-repeat:no-repeat;-webkit-background-size:cover;-moz-background-size:cover;-o-background-size:cover;background-size:cover;\"  data-bg-url=\"\">\n\t\t\t\t\t\t<div class=\"fusion-text\"><h2>Contactez-nous<\/h2>\n<p><span style=\"color: #999;\">Si vous avez des doutes ou des questions \u00e0 nous transmettre n\u2019h\u00e9sitez pas \u00e0 remplir le formulaire ou \u00e0 nous t\u00e9l\u00e9phoner<\/span><br \/>\n<strong>Nous vous remercions de votre confiance.<\/strong><\/p>\n<\/div><script charset=\"utf-8\" type=\"text\/javascript\" src=\"\/\/js-eu1.hsforms.net\/forms\/embed\/v2.js\"><\/script>\n<script>\n  hbspt.forms.create({\n    region: \"eu1\",\n    portalId: \"27102096\",\n    formId: \"f93441a4-d3db-4420-9101-d97a7fd00c42\"\n  });\n<\/script><div class=\"fusion-clearfix\"><\/div>\n\n\t\t\t\t\t<\/div>\n\t\t\t\t<\/div><\/div><\/div><\/p>\n","protected":false},"excerpt":{"rendered":"","protected":false},"author":1,"featured_media":0,"parent":0,"menu_order":0,"comment_status":"open","ping_status":"open","template":"100-width.php","meta":{"_monsterinsights_skip_tracking":false,"_monsterinsights_sitenote_active":false,"_monsterinsights_sitenote_note":"","_monsterinsights_sitenote_category":0,"footnotes":""},"class_list":["post-641","page","type-page","status-publish","hentry"],"yoast_head":"<!-- This site is optimized with the Yoast SEO plugin v25.1 - https:\/\/yoast.com\/wordpress\/plugins\/seo\/ -->\n<title>Contact - pescatrade<\/title>\n<meta name=\"robots\" content=\"index, follow, max-snippet:-1, max-image-preview:large, max-video-preview:-1\" \/>\n<link rel=\"canonical\" href=\"https:\/\/pescatrade.com\/fr\/contact\/\" \/>\n<meta property=\"og:locale\" content=\"fr_FR\" \/>\n<meta property=\"og:type\" content=\"article\" \/>\n<meta property=\"og:title\" content=\"Contact - pescatrade\" \/>\n<meta property=\"og:url\" content=\"https:\/\/pescatrade.com\/fr\/contact\/\" \/>\n<meta property=\"og:site_name\" content=\"pescatrade\" \/>\n<meta property=\"article:modified_time\" content=\"2023-03-16T15:45:18+00:00\" \/>\n<meta name=\"twitter:card\" content=\"summary_large_image\" \/>\n<meta name=\"twitter:label1\" content=\"Dur\u00e9e de lecture estim\u00e9e\" \/>\n\t<meta name=\"twitter:data1\" content=\"3 minutes\" \/>\n<script type=\"application\/ld+json\" class=\"yoast-schema-graph\">{\"@context\":\"https:\/\/schema.org\",\"@graph\":[{\"@type\":\"WebPage\",\"@id\":\"https:\/\/pescatrade.com\/fr\/contact\/\",\"url\":\"https:\/\/pescatrade.com\/fr\/contact\/\",\"name\":\"Contact - pescatrade\",\"isPartOf\":{\"@id\":\"https:\/\/pescatrade.com\/#website\"},\"datePublished\":\"2015-06-16T11:25:15+00:00\",\"dateModified\":\"2023-03-16T15:45:18+00:00\",\"breadcrumb\":{\"@id\":\"https:\/\/pescatrade.com\/fr\/contact\/#breadcrumb\"},\"inLanguage\":\"fr-FR\",\"potentialAction\":[{\"@type\":\"ReadAction\",\"target\":[\"https:\/\/pescatrade.com\/fr\/contact\/\"]}]},{\"@type\":\"BreadcrumbList\",\"@id\":\"https:\/\/pescatrade.com\/fr\/contact\/#breadcrumb\",\"itemListElement\":[{\"@type\":\"ListItem\",\"position\":1,\"name\":\"Portada\",\"item\":\"https:\/\/pescatrade.com\/fr\/\"},{\"@type\":\"ListItem\",\"position\":2,\"name\":\"Contact\"}]},{\"@type\":\"WebSite\",\"@id\":\"https:\/\/pescatrade.com\/#website\",\"url\":\"https:\/\/pescatrade.com\/\",\"name\":\"pescatrade\",\"description\":\"En Pescatrade somos pioneros, desde nuestro nacimiento, en la pesca, transformaci\u00f3n, conservaci\u00f3n y comercializaci\u00f3n de los mejores pescados y mariscos tanto frescos como ultracongelados.\",\"potentialAction\":[{\"@type\":\"SearchAction\",\"target\":{\"@type\":\"EntryPoint\",\"urlTemplate\":\"https:\/\/pescatrade.com\/?s={search_term_string}\"},\"query-input\":{\"@type\":\"PropertyValueSpecification\",\"valueRequired\":true,\"valueName\":\"search_term_string\"}}],\"inLanguage\":\"fr-FR\"}]}<\/script>\n<!-- \/ Yoast SEO plugin. -->","yoast_head_json":{"title":"Contact - pescatrade","robots":{"index":"index","follow":"follow","max-snippet":"max-snippet:-1","max-image-preview":"max-image-preview:large","max-video-preview":"max-video-preview:-1"},"canonical":"https:\/\/pescatrade.com\/fr\/contact\/","og_locale":"fr_FR","og_type":"article","og_title":"Contact - pescatrade","og_url":"https:\/\/pescatrade.com\/fr\/contact\/","og_site_name":"pescatrade","article_modified_time":"2023-03-16T15:45:18+00:00","twitter_card":"summary_large_image","twitter_misc":{"Dur\u00e9e de lecture estim\u00e9e":"3 minutes"},"schema":{"@context":"https:\/\/schema.org","@graph":[{"@type":"WebPage","@id":"https:\/\/pescatrade.com\/fr\/contact\/","url":"https:\/\/pescatrade.com\/fr\/contact\/","name":"Contact - pescatrade","isPartOf":{"@id":"https:\/\/pescatrade.com\/#website"},"datePublished":"2015-06-16T11:25:15+00:00","dateModified":"2023-03-16T15:45:18+00:00","breadcrumb":{"@id":"https:\/\/pescatrade.com\/fr\/contact\/#breadcrumb"},"inLanguage":"fr-FR","potentialAction":[{"@type":"ReadAction","target":["https:\/\/pescatrade.com\/fr\/contact\/"]}]},{"@type":"BreadcrumbList","@id":"https:\/\/pescatrade.com\/fr\/contact\/#breadcrumb","itemListElement":[{"@type":"ListItem","position":1,"name":"Portada","item":"https:\/\/pescatrade.com\/fr\/"},{"@type":"ListItem","position":2,"name":"Contact"}]},{"@type":"WebSite","@id":"https:\/\/pescatrade.com\/#website","url":"https:\/\/pescatrade.com\/","name":"pescatrade","description":"En Pescatrade somos pioneros, desde nuestro nacimiento, en la pesca, transformaci\u00f3n, conservaci\u00f3n y comercializaci\u00f3n de los mejores pescados y mariscos tanto frescos como ultracongelados.","potentialAction":[{"@type":"SearchAction","target":{"@type":"EntryPoint","urlTemplate":"https:\/\/pescatrade.com\/?s={search_term_string}"},"query-input":{"@type":"PropertyValueSpecification","valueRequired":true,"valueName":"search_term_string"}}],"inLanguage":"fr-FR"}]}},"_links":{"self":[{"href":"https:\/\/pescatrade.com\/fr\/wp-json\/wp\/v2\/pages\/641\/"}],"collection":[{"href":"https:\/\/pescatrade.com\/fr\/wp-json\/wp\/v2\/pages\/"}],"about":[{"href":"https:\/\/pescatrade.com\/fr\/wp-json\/wp\/v2\/types\/page\/"}],"author":[{"embeddable":true,"href":"https:\/\/pescatrade.com\/fr\/wp-json\/wp\/v2\/users\/1\/"}],"replies":[{"embeddable":true,"href":"https:\/\/pescatrade.com\/fr\/wp-json\/wp\/v2\/comments\/?post=641"}],"version-history":[{"count":7,"href":"https:\/\/pescatrade.com\/fr\/wp-json\/wp\/v2\/pages\/641\/revisions\/"}],"predecessor-version":[{"id":1205,"href":"https:\/\/pescatrade.com\/fr\/wp-json\/wp\/v2\/pages\/641\/revisions\/1205\/"}],"wp:attachment":[{"href":"https:\/\/pescatrade.com\/fr\/wp-json\/wp\/v2\/media\/?parent=641"}],"curies":[{"name":"wp","href":"https:\/\/api.w.org\/{rel}","templated":true}]}}