{"id":704,"date":"2016-10-05T11:49:11","date_gmt":"2016-10-05T11:49:11","guid":{"rendered":"https:\/\/pescatrade.com\/?page_id=704&#038;lang=it"},"modified":"2018-06-03T15:41:35","modified_gmt":"2018-06-03T15:41:35","slug":"pescatrade-seleccion","status":"publish","type":"page","link":"https:\/\/pescatrade.com\/it\/pescatrade-seleccion\/","title":{"rendered":"PESCATRADE SELECCI\u00d3N"},"content":{"rendered":"<div class=\"fusion-fullwidth fullwidth-box nonhundred-percent-fullwidth non-hundred-percent-height-scrolling\"  style='background-color: rgba(255,255,255,0);background-position: left top;background-repeat: no-repeat;padding-top:20px;padding-right:0px;padding-bottom:20px;padding-left:0px;border-top-width:0px;border-bottom-width:0px;border-color:#eae9e9;border-top-style:solid;border-bottom-style:solid;'><div class=\"fusion-builder-row fusion-row \"><div id=\"cajaTextoSlogan\" class=\"fusion-layout-column fusion_builder_column fusion_builder_column_1_1  fusion-one-full fusion-column-first fusion-column-last 1_1\"  style='margin-top:0px;margin-bottom:20px;'>\n\t\t\t\t\t<div class=\"fusion-column-wrapper\" style=\"background-position:left top;background-repeat:no-repeat;-webkit-background-size:cover;-moz-background-size:cover;-o-background-size:cover;background-size:cover;\"  data-bg-url=\"\">\n\t\t\t\t\t\t<div class=\"fusion-text\"><p><em>PESCATRADE Selecci\u00f3n<\/em> \u00e8 il nostro brand per la distribuzione di prodotti refrigerati e surgelati che vanno dal pesce sia al naturale che lavorato e ai precotti.<\/p>\n<\/div><div class=\"imageframe-align-center\"><span class=\"fusion-imageframe imageframe-none imageframe-1 hover-type-none\"><img loading=\"lazy\" decoding=\"async\" src=\"https:\/\/pescatrade.com\/wp-content\/uploads\/2016\/10\/4-1.jpg\" width=\"962\" height=\"62\" alt=\"\" title=\"4\" class=\"img-responsive wp-image-915\" srcset=\"https:\/\/pescatrade.com\/wp-content\/uploads\/2016\/10\/4-1-200x13.jpg 200w, https:\/\/pescatrade.com\/wp-content\/uploads\/2016\/10\/4-1-400x26.jpg 400w, https:\/\/pescatrade.com\/wp-content\/uploads\/2016\/10\/4-1-600x39.jpg 600w, https:\/\/pescatrade.com\/wp-content\/uploads\/2016\/10\/4-1-800x52.jpg 800w, https:\/\/pescatrade.com\/wp-content\/uploads\/2016\/10\/4-1.jpg 962w\" sizes=\"auto, (max-width: 800px) 100vw, 962px\" \/><\/span><\/div><div class=\"fusion-clearfix\"><\/div>\n\n\t\t\t\t\t<\/div>\n\t\t\t\t<\/div><div  class=\"fusion-layout-column fusion_builder_column fusion_builder_column_1_1  fusion-one-full fusion-column-first fusion-column-last 1_1\"  style='margin-top:0px;margin-bottom:20px;'>\n\t\t\t\t\t<div class=\"fusion-column-wrapper\" style=\"background-position:left top;background-repeat:no-repeat;-webkit-background-size:cover;-moz-background-size:cover;-o-background-size:cover;background-size:cover;\"  data-bg-url=\"\">\n\t\t\t\t\t\t<div class=\"imageframe-align-center\"><span class=\"fusion-imageframe imageframe-none imageframe-2 hover-type-none\"><img loading=\"lazy\" decoding=\"async\" src=\"https:\/\/pescatrade.com\/wp-content\/uploads\/2016\/10\/ARROZ-NEGRO-MONTAJE-ita-1.png\" width=\"2428\" height=\"1580\" alt=\"Riso Nero\" title=\"Risotto nero &#8211; Con calamaretti, gamberi Argentini e olio d&#8217;oliva\" class=\"img-responsive wp-image-970\" srcset=\"https:\/\/pescatrade.com\/wp-content\/uploads\/2016\/10\/ARROZ-NEGRO-MONTAJE-ita-1-200x130.png 200w, https:\/\/pescatrade.com\/wp-content\/uploads\/2016\/10\/ARROZ-NEGRO-MONTAJE-ita-1-400x260.png 400w, https:\/\/pescatrade.com\/wp-content\/uploads\/2016\/10\/ARROZ-NEGRO-MONTAJE-ita-1-600x390.png 600w, https:\/\/pescatrade.com\/wp-content\/uploads\/2016\/10\/ARROZ-NEGRO-MONTAJE-ita-1-800x521.png 800w, https:\/\/pescatrade.com\/wp-content\/uploads\/2016\/10\/ARROZ-NEGRO-MONTAJE-ita-1-1200x781.png 1200w, https:\/\/pescatrade.com\/wp-content\/uploads\/2016\/10\/ARROZ-NEGRO-MONTAJE-ita-1.png 2428w\" sizes=\"auto, (max-width: 800px) 100vw, 1200px\" \/><\/span><\/div><div class=\"imageframe-align-center\"><span class=\"fusion-imageframe imageframe-none imageframe-3 hover-type-none\"><img loading=\"lazy\" decoding=\"async\" src=\"https:\/\/pescatrade.com\/wp-content\/uploads\/2016\/10\/2.jpg\" width=\"896\" height=\"624\" alt=\"Pasta alle vongole\" title=\"2\" class=\"img-responsive wp-image-896\" srcset=\"https:\/\/pescatrade.com\/wp-content\/uploads\/2016\/10\/2-200x139.jpg 200w, https:\/\/pescatrade.com\/wp-content\/uploads\/2016\/10\/2-400x279.jpg 400w, https:\/\/pescatrade.com\/wp-content\/uploads\/2016\/10\/2-600x418.jpg 600w, https:\/\/pescatrade.com\/wp-content\/uploads\/2016\/10\/2-800x557.jpg 800w, https:\/\/pescatrade.com\/wp-content\/uploads\/2016\/10\/2.jpg 896w\" sizes=\"auto, (max-width: 800px) 100vw, 896px\" \/><\/span><\/div><div class=\"imageframe-align-center\"><span class=\"fusion-imageframe imageframe-none imageframe-4 hover-type-none\"><img loading=\"lazy\" decoding=\"async\" src=\"https:\/\/pescatrade.com\/wp-content\/uploads\/2016\/10\/3.jpg\" width=\"896\" height=\"624\" alt=\"Vongole\" title=\"3\" class=\"img-responsive wp-image-897\" srcset=\"https:\/\/pescatrade.com\/wp-content\/uploads\/2016\/10\/3-200x139.jpg 200w, https:\/\/pescatrade.com\/wp-content\/uploads\/2016\/10\/3-400x279.jpg 400w, https:\/\/pescatrade.com\/wp-content\/uploads\/2016\/10\/3-600x418.jpg 600w, https:\/\/pescatrade.com\/wp-content\/uploads\/2016\/10\/3-800x557.jpg 800w, https:\/\/pescatrade.com\/wp-content\/uploads\/2016\/10\/3.jpg 896w\" sizes=\"auto, (max-width: 800px) 100vw, 896px\" \/><\/span><\/div><div class=\"fusion-clearfix\"><\/div>\n\n\t\t\t\t\t<\/div>\n\t\t\t\t<\/div><\/div><\/div>\n","protected":false},"excerpt":{"rendered":"","protected":false},"author":1,"featured_media":0,"parent":0,"menu_order":0,"comment_status":"closed","ping_status":"closed","template":"","meta":{"_monsterinsights_skip_tracking":false,"_monsterinsights_sitenote_active":false,"_monsterinsights_sitenote_note":"","_monsterinsights_sitenote_category":0,"footnotes":""},"class_list":["post-704","page","type-page","status-publish","hentry"],"yoast_head":"<!-- This site is optimized with the Yoast SEO plugin v25.1 - https:\/\/yoast.com\/wordpress\/plugins\/seo\/ -->\n<title>PESCATRADE SELECCI\u00d3N - pescatrade<\/title>\n<meta name=\"robots\" content=\"index, follow, max-snippet:-1, max-image-preview:large, max-video-preview:-1\" \/>\n<link rel=\"canonical\" href=\"https:\/\/pescatrade.com\/it\/pescatrade-seleccion\/\" \/>\n<meta property=\"og:locale\" content=\"it_IT\" \/>\n<meta property=\"og:type\" content=\"article\" \/>\n<meta property=\"og:title\" content=\"PESCATRADE SELECCI\u00d3N - pescatrade\" \/>\n<meta property=\"og:url\" content=\"https:\/\/pescatrade.com\/it\/pescatrade-seleccion\/\" \/>\n<meta property=\"og:site_name\" content=\"pescatrade\" \/>\n<meta property=\"article:modified_time\" content=\"2018-06-03T15:41:35+00:00\" \/>\n<meta property=\"og:image\" content=\"https:\/\/pescatrade.com\/wp-content\/uploads\/2016\/10\/4-1.jpg\" \/>\n\t<meta property=\"og:image:width\" content=\"962\" \/>\n\t<meta property=\"og:image:height\" content=\"62\" \/>\n\t<meta property=\"og:image:type\" content=\"image\/jpeg\" \/>\n<meta name=\"twitter:card\" content=\"summary_large_image\" \/>\n<meta name=\"twitter:label1\" content=\"Tempo di lettura stimato\" \/>\n\t<meta name=\"twitter:data1\" content=\"2 minuti\" \/>\n<script type=\"application\/ld+json\" class=\"yoast-schema-graph\">{\"@context\":\"https:\/\/schema.org\",\"@graph\":[{\"@type\":\"WebPage\",\"@id\":\"https:\/\/pescatrade.com\/it\/pescatrade-seleccion\/\",\"url\":\"https:\/\/pescatrade.com\/it\/pescatrade-seleccion\/\",\"name\":\"PESCATRADE SELECCI\u00d3N - pescatrade\",\"isPartOf\":{\"@id\":\"https:\/\/pescatrade.com\/#website\"},\"primaryImageOfPage\":{\"@id\":\"https:\/\/pescatrade.com\/it\/pescatrade-seleccion\/#primaryimage\"},\"image\":{\"@id\":\"https:\/\/pescatrade.com\/it\/pescatrade-seleccion\/#primaryimage\"},\"thumbnailUrl\":\"https:\/\/pescatrade.com\/wp-content\/uploads\/2016\/10\/4-1.jpg\",\"datePublished\":\"2016-10-05T11:49:11+00:00\",\"dateModified\":\"2018-06-03T15:41:35+00:00\",\"breadcrumb\":{\"@id\":\"https:\/\/pescatrade.com\/it\/pescatrade-seleccion\/#breadcrumb\"},\"inLanguage\":\"it-IT\",\"potentialAction\":[{\"@type\":\"ReadAction\",\"target\":[\"https:\/\/pescatrade.com\/it\/pescatrade-seleccion\/\"]}]},{\"@type\":\"ImageObject\",\"inLanguage\":\"it-IT\",\"@id\":\"https:\/\/pescatrade.com\/it\/pescatrade-seleccion\/#primaryimage\",\"url\":\"https:\/\/pescatrade.com\/wp-content\/uploads\/2016\/10\/4-1.jpg\",\"contentUrl\":\"https:\/\/pescatrade.com\/wp-content\/uploads\/2016\/10\/4-1.jpg\"},{\"@type\":\"BreadcrumbList\",\"@id\":\"https:\/\/pescatrade.com\/it\/pescatrade-seleccion\/#breadcrumb\",\"itemListElement\":[{\"@type\":\"ListItem\",\"position\":1,\"name\":\"Portada\",\"item\":\"https:\/\/pescatrade.com\/it\/\"},{\"@type\":\"ListItem\",\"position\":2,\"name\":\"PESCATRADE SELECCI\u00d3N\"}]},{\"@type\":\"WebSite\",\"@id\":\"https:\/\/pescatrade.com\/#website\",\"url\":\"https:\/\/pescatrade.com\/\",\"name\":\"pescatrade\",\"description\":\"En Pescatrade somos pioneros, desde nuestro nacimiento, en la pesca, transformaci\u00f3n, conservaci\u00f3n y comercializaci\u00f3n de los mejores pescados y mariscos tanto frescos como ultracongelados.\",\"potentialAction\":[{\"@type\":\"SearchAction\",\"target\":{\"@type\":\"EntryPoint\",\"urlTemplate\":\"https:\/\/pescatrade.com\/?s={search_term_string}\"},\"query-input\":{\"@type\":\"PropertyValueSpecification\",\"valueRequired\":true,\"valueName\":\"search_term_string\"}}],\"inLanguage\":\"it-IT\"}]}<\/script>\n<!-- \/ Yoast SEO plugin. -->","yoast_head_json":{"title":"PESCATRADE SELECCI\u00d3N - pescatrade","robots":{"index":"index","follow":"follow","max-snippet":"max-snippet:-1","max-image-preview":"max-image-preview:large","max-video-preview":"max-video-preview:-1"},"canonical":"https:\/\/pescatrade.com\/it\/pescatrade-seleccion\/","og_locale":"it_IT","og_type":"article","og_title":"PESCATRADE SELECCI\u00d3N - pescatrade","og_url":"https:\/\/pescatrade.com\/it\/pescatrade-seleccion\/","og_site_name":"pescatrade","article_modified_time":"2018-06-03T15:41:35+00:00","og_image":[{"width":962,"height":62,"url":"https:\/\/pescatrade.com\/wp-content\/uploads\/2016\/10\/4-1.jpg","type":"image\/jpeg"}],"twitter_card":"summary_large_image","twitter_misc":{"Tempo di lettura stimato":"2 minuti"},"schema":{"@context":"https:\/\/schema.org","@graph":[{"@type":"WebPage","@id":"https:\/\/pescatrade.com\/it\/pescatrade-seleccion\/","url":"https:\/\/pescatrade.com\/it\/pescatrade-seleccion\/","name":"PESCATRADE SELECCI\u00d3N - pescatrade","isPartOf":{"@id":"https:\/\/pescatrade.com\/#website"},"primaryImageOfPage":{"@id":"https:\/\/pescatrade.com\/it\/pescatrade-seleccion\/#primaryimage"},"image":{"@id":"https:\/\/pescatrade.com\/it\/pescatrade-seleccion\/#primaryimage"},"thumbnailUrl":"https:\/\/pescatrade.com\/wp-content\/uploads\/2016\/10\/4-1.jpg","datePublished":"2016-10-05T11:49:11+00:00","dateModified":"2018-06-03T15:41:35+00:00","breadcrumb":{"@id":"https:\/\/pescatrade.com\/it\/pescatrade-seleccion\/#breadcrumb"},"inLanguage":"it-IT","potentialAction":[{"@type":"ReadAction","target":["https:\/\/pescatrade.com\/it\/pescatrade-seleccion\/"]}]},{"@type":"ImageObject","inLanguage":"it-IT","@id":"https:\/\/pescatrade.com\/it\/pescatrade-seleccion\/#primaryimage","url":"https:\/\/pescatrade.com\/wp-content\/uploads\/2016\/10\/4-1.jpg","contentUrl":"https:\/\/pescatrade.com\/wp-content\/uploads\/2016\/10\/4-1.jpg"},{"@type":"BreadcrumbList","@id":"https:\/\/pescatrade.com\/it\/pescatrade-seleccion\/#breadcrumb","itemListElement":[{"@type":"ListItem","position":1,"name":"Portada","item":"https:\/\/pescatrade.com\/it\/"},{"@type":"ListItem","position":2,"name":"PESCATRADE SELECCI\u00d3N"}]},{"@type":"WebSite","@id":"https:\/\/pescatrade.com\/#website","url":"https:\/\/pescatrade.com\/","name":"pescatrade","description":"En Pescatrade somos pioneros, desde nuestro nacimiento, en la pesca, transformaci\u00f3n, conservaci\u00f3n y comercializaci\u00f3n de los mejores pescados y mariscos tanto frescos como ultracongelados.","potentialAction":[{"@type":"SearchAction","target":{"@type":"EntryPoint","urlTemplate":"https:\/\/pescatrade.com\/?s={search_term_string}"},"query-input":{"@type":"PropertyValueSpecification","valueRequired":true,"valueName":"search_term_string"}}],"inLanguage":"it-IT"}]}},"_links":{"self":[{"href":"https:\/\/pescatrade.com\/it\/wp-json\/wp\/v2\/pages\/704\/"}],"collection":[{"href":"https:\/\/pescatrade.com\/it\/wp-json\/wp\/v2\/pages\/"}],"about":[{"href":"https:\/\/pescatrade.com\/it\/wp-json\/wp\/v2\/types\/page\/"}],"author":[{"embeddable":true,"href":"https:\/\/pescatrade.com\/it\/wp-json\/wp\/v2\/users\/1\/"}],"replies":[{"embeddable":true,"href":"https:\/\/pescatrade.com\/it\/wp-json\/wp\/v2\/comments\/?post=704"}],"version-history":[{"count":9,"href":"https:\/\/pescatrade.com\/it\/wp-json\/wp\/v2\/pages\/704\/revisions\/"}],"predecessor-version":[{"id":1045,"href":"https:\/\/pescatrade.com\/it\/wp-json\/wp\/v2\/pages\/704\/revisions\/1045\/"}],"wp:attachment":[{"href":"https:\/\/pescatrade.com\/it\/wp-json\/wp\/v2\/media\/?parent=704"}],"curies":[{"name":"wp","href":"https:\/\/api.w.org\/{rel}","templated":true}]}}