{"id":707,"date":"2016-10-05T11:58:19","date_gmt":"2016-10-05T11:58:19","guid":{"rendered":"https:\/\/pescatrade.com\/?page_id=707&#038;lang=it"},"modified":"2021-06-14T21:28:33","modified_gmt":"2021-06-14T21:28:33","slug":"la-nostra-qualita","status":"publish","type":"page","link":"https:\/\/pescatrade.com\/it\/la-nostra-qualita\/","title":{"rendered":"LA NOSTRA QUALIT\u00c0"},"content":{"rendered":"<p><div class=\"fusion-fullwidth fullwidth-box nonhundred-percent-fullwidth non-hundred-percent-height-scrolling\"  style='background-color: rgba(255,255,255,0);background-position: left top;background-repeat: no-repeat;padding-top:20px;padding-right:0px;padding-bottom:20px;padding-left:0px;border-top-width:0px;border-bottom-width:0px;border-color:#eae9e9;border-top-style:solid;border-bottom-style:solid;'><div class=\"fusion-builder-row fusion-row \"><div  class=\"fusion-layout-column fusion_builder_column fusion_builder_column_1_1  fusion-one-full fusion-column-first fusion-column-last fusion-column-no-min-height 1_1\"  style='margin-top:0px;margin-bottom:0px;'>\n\t\t\t\t\t<div class=\"fusion-column-wrapper\" style=\"padding: 0px 0px 0px 0px;background-position:left top;background-repeat:no-repeat;-webkit-background-size:cover;-moz-background-size:cover;-o-background-size:cover;background-size:cover;\"  data-bg-url=\"\">\n\t\t\t\t\t\t<div class=\"fusion-text\"><h2 style=\"text-align: center;\">PIACERI DEL MARE<\/h2>\n<\/div><div class=\"fusion-clearfix\"><\/div>\n\n\t\t\t\t\t<\/div>\n\t\t\t\t<\/div><\/div><\/div><div class=\"fusion-fullwidth fullwidth-box nonhundred-percent-fullwidth non-hundred-percent-height-scrolling\"  style='background-color: rgba(255,255,255,0);background-position: left top;background-repeat: no-repeat;padding-top:20px;padding-right:0px;padding-bottom:20px;padding-left:0px;border-top-width:0px;border-bottom-width:0px;border-color:#eae9e9;border-top-style:solid;border-bottom-style:solid;'><div class=\"fusion-builder-row fusion-row \"><div  class=\"fusion-layout-column fusion_builder_column fusion_builder_column_1_3  fusion-one-third fusion-column-first columnaIzquierdaEmpresa 1_3\"  style='margin-top:0px;margin-bottom:20px;width:30.6666%; margin-right: 4%;'>\n\t\t\t\t\t<div class=\"fusion-column-wrapper\" style=\"padding: 0px 0px 0px 0px;background-position:left top;background-repeat:no-repeat;-webkit-background-size:cover;-moz-background-size:cover;-o-background-size:cover;background-size:cover;\"  data-bg-url=\"\">\n\t\t\t\t\t\t<div class=\"fusion-title title fusion-title-size-three parrafoGrandeEmpresa\" style=\"margin-top:0px;margin-bottom:31px;\"><h3 class=\"title-heading-left\">Dal mare alla tavola, PESCATRADE controlla e cura al massimo la qualit\u00e0 dei propri prodotti per presentarli al consumatore con tutte le caratteristiche e il sapore genuino.<\/h3><div class=\"title-sep-container\"><div class=\"title-sep sep-double\" style=\"border-color:#e0dede;\"><\/div><\/div><\/div><div class=\"fusion-text\"><p>Applicando la tecnologia pi\u00f9 moderna, \u00e8 possibile garantire che i cibi conservino inalterate le loro propriet\u00e0 nutritive.<\/p>\n<p>Offriamo ai nostri clienti prodotti adeguati alle loro esigenze e in costante innovazione, che possono essere personalizzati a piacere, anche con il loro marchio<span style=\"line-height: 1.5;\">.<\/span><!--\n\n\n\n\n<ul class=\"ulImgCalidad\">\n \t\n\n\n\n<li>\u00a0<img loading=\"lazy\" decoding=\"async\" class=\"alignnone wp-image-210 size-full\" src=\"https:\/\/pescatrade.com\/wp-content\/uploads\/2015\/06\/calidadLogo1.png\" alt=\"calidadLogo1\" width=\"76\" height=\"78\" \/><\/li>\n\n\n\n\n \t\n\n\n\n<li><img loading=\"lazy\" decoding=\"async\" class=\"alignnone wp-image-211 size-full\" src=\"https:\/\/pescatrade.com\/wp-content\/uploads\/2015\/06\/calidadLogo2.png\" alt=\"calidadLogo2\" width=\"52\" height=\"78\" \/><\/li>\n\n\n\n\n \t\n\n\n\n<li><img loading=\"lazy\" decoding=\"async\" class=\"alignnone wp-image-212 size-full\" src=\"https:\/\/pescatrade.com\/wp-content\/uploads\/2015\/06\/calidadLogo3.png\" alt=\"calidadLogo3\" width=\"127\" height=\"75\" \/><\/li>\n\n\n\n\n<\/ul>\n\n\n\n--><\/p>\n<\/div><div class=\"fusion-clearfix\"><\/div>\n\n\t\t\t\t\t<\/div>\n\t\t\t\t<\/div><div  class=\"fusion-layout-column fusion_builder_column fusion_builder_column_3_5  fusion-three-fifth columnaDerechaEmpresa 3_5\"  style='margin-top:0px;margin-bottom:20px;width:58.4%; margin-right: 4%;'>\n\t\t\t\t\t<div class=\"fusion-column-wrapper\" style=\"padding: 0px 0px 0px 0px;background-position:left top;background-repeat:no-repeat;-webkit-background-size:cover;-moz-background-size:cover;-o-background-size:cover;background-size:cover;\"  data-bg-url=\"\">\n\t\t\t\t\t\t<span class=\"fusion-imageframe imageframe-none imageframe-1 hover-type-none\"><img loading=\"lazy\" decoding=\"async\" src=\"https:\/\/pescatrade.com\/wp-content\/uploads\/2016\/04\/img-calidad.jpg\" width=\"628\" height=\"530\" alt=\"\" title=\"img-calidad\" class=\"img-responsive wp-image-240\" srcset=\"https:\/\/pescatrade.com\/wp-content\/uploads\/2016\/04\/img-calidad-300x253.jpg 300w, https:\/\/pescatrade.com\/wp-content\/uploads\/2016\/04\/img-calidad.jpg 628w\" sizes=\"auto, (max-width: 628px) 100vw, 628px\" \/><\/span><div class=\"fusion-text\"><p><em>Per la lavorazione e la conservazione di tutti i nostri prodotti si applicano le pi\u00f9 rigorose norme di sicurezza alimentare e la tecnologia pi\u00f9 avanzata. Ci assicuriamo cos\u00ec che solo i prodotti pi\u00f9 saporiti, freschi e salutari raggiungano il mercato.<\/em><\/p>\n<\/div><div class=\"fusion-clearfix\"><\/div>\n\n\t\t\t\t\t<\/div>\n\t\t\t\t<\/div><\/div><\/div><\/p>\n","protected":false},"excerpt":{"rendered":"","protected":false},"author":1,"featured_media":0,"parent":0,"menu_order":0,"comment_status":"open","ping_status":"open","template":"100-width.php","meta":{"_monsterinsights_skip_tracking":false,"_monsterinsights_sitenote_active":false,"_monsterinsights_sitenote_note":"","_monsterinsights_sitenote_category":0,"footnotes":""},"class_list":["post-707","page","type-page","status-publish","hentry"],"yoast_head":"<!-- This site is optimized with the Yoast SEO plugin v25.1 - https:\/\/yoast.com\/wordpress\/plugins\/seo\/ -->\n<title>LA NOSTRA QUALIT\u00c0 - pescatrade<\/title>\n<meta name=\"robots\" content=\"index, follow, max-snippet:-1, max-image-preview:large, max-video-preview:-1\" \/>\n<link rel=\"canonical\" href=\"https:\/\/pescatrade.com\/it\/la-nostra-qualita\/\" \/>\n<meta property=\"og:locale\" content=\"it_IT\" \/>\n<meta property=\"og:type\" content=\"article\" \/>\n<meta property=\"og:title\" content=\"LA NOSTRA QUALIT\u00c0 - pescatrade\" \/>\n<meta property=\"og:url\" content=\"https:\/\/pescatrade.com\/it\/la-nostra-qualita\/\" \/>\n<meta property=\"og:site_name\" content=\"pescatrade\" \/>\n<meta property=\"article:modified_time\" content=\"2021-06-14T21:28:33+00:00\" \/>\n<meta property=\"og:image\" content=\"https:\/\/pescatrade.com\/wp-content\/uploads\/2015\/06\/calidadLogo1.png\" \/>\n<meta name=\"twitter:card\" content=\"summary_large_image\" \/>\n<meta name=\"twitter:label1\" content=\"Tempo di lettura stimato\" \/>\n\t<meta name=\"twitter:data1\" content=\"3 minuti\" \/>\n<script type=\"application\/ld+json\" class=\"yoast-schema-graph\">{\"@context\":\"https:\/\/schema.org\",\"@graph\":[{\"@type\":\"WebPage\",\"@id\":\"https:\/\/pescatrade.com\/it\/la-nostra-qualita\/\",\"url\":\"https:\/\/pescatrade.com\/it\/la-nostra-qualita\/\",\"name\":\"LA NOSTRA QUALIT\u00c0 - pescatrade\",\"isPartOf\":{\"@id\":\"https:\/\/pescatrade.com\/#website\"},\"primaryImageOfPage\":{\"@id\":\"https:\/\/pescatrade.com\/it\/la-nostra-qualita\/#primaryimage\"},\"image\":{\"@id\":\"https:\/\/pescatrade.com\/it\/la-nostra-qualita\/#primaryimage\"},\"thumbnailUrl\":\"https:\/\/pescatrade.com\/wp-content\/uploads\/2015\/06\/calidadLogo1.png\",\"datePublished\":\"2016-10-05T11:58:19+00:00\",\"dateModified\":\"2021-06-14T21:28:33+00:00\",\"breadcrumb\":{\"@id\":\"https:\/\/pescatrade.com\/it\/la-nostra-qualita\/#breadcrumb\"},\"inLanguage\":\"it-IT\",\"potentialAction\":[{\"@type\":\"ReadAction\",\"target\":[\"https:\/\/pescatrade.com\/it\/la-nostra-qualita\/\"]}]},{\"@type\":\"ImageObject\",\"inLanguage\":\"it-IT\",\"@id\":\"https:\/\/pescatrade.com\/it\/la-nostra-qualita\/#primaryimage\",\"url\":\"https:\/\/pescatrade.com\/wp-content\/uploads\/2015\/06\/calidadLogo1.png\",\"contentUrl\":\"https:\/\/pescatrade.com\/wp-content\/uploads\/2015\/06\/calidadLogo1.png\"},{\"@type\":\"BreadcrumbList\",\"@id\":\"https:\/\/pescatrade.com\/it\/la-nostra-qualita\/#breadcrumb\",\"itemListElement\":[{\"@type\":\"ListItem\",\"position\":1,\"name\":\"Portada\",\"item\":\"https:\/\/pescatrade.com\/it\/\"},{\"@type\":\"ListItem\",\"position\":2,\"name\":\"LA NOSTRA QUALIT\u00c0\"}]},{\"@type\":\"WebSite\",\"@id\":\"https:\/\/pescatrade.com\/#website\",\"url\":\"https:\/\/pescatrade.com\/\",\"name\":\"pescatrade\",\"description\":\"En Pescatrade somos pioneros, desde nuestro nacimiento, en la pesca, transformaci\u00f3n, conservaci\u00f3n y comercializaci\u00f3n de los mejores pescados y mariscos tanto frescos como ultracongelados.\",\"potentialAction\":[{\"@type\":\"SearchAction\",\"target\":{\"@type\":\"EntryPoint\",\"urlTemplate\":\"https:\/\/pescatrade.com\/?s={search_term_string}\"},\"query-input\":{\"@type\":\"PropertyValueSpecification\",\"valueRequired\":true,\"valueName\":\"search_term_string\"}}],\"inLanguage\":\"it-IT\"}]}<\/script>\n<!-- \/ Yoast SEO plugin. -->","yoast_head_json":{"title":"LA NOSTRA QUALIT\u00c0 - pescatrade","robots":{"index":"index","follow":"follow","max-snippet":"max-snippet:-1","max-image-preview":"max-image-preview:large","max-video-preview":"max-video-preview:-1"},"canonical":"https:\/\/pescatrade.com\/it\/la-nostra-qualita\/","og_locale":"it_IT","og_type":"article","og_title":"LA NOSTRA QUALIT\u00c0 - pescatrade","og_url":"https:\/\/pescatrade.com\/it\/la-nostra-qualita\/","og_site_name":"pescatrade","article_modified_time":"2021-06-14T21:28:33+00:00","og_image":[{"url":"https:\/\/pescatrade.com\/wp-content\/uploads\/2015\/06\/calidadLogo1.png","type":"","width":"","height":""}],"twitter_card":"summary_large_image","twitter_misc":{"Tempo di lettura stimato":"3 minuti"},"schema":{"@context":"https:\/\/schema.org","@graph":[{"@type":"WebPage","@id":"https:\/\/pescatrade.com\/it\/la-nostra-qualita\/","url":"https:\/\/pescatrade.com\/it\/la-nostra-qualita\/","name":"LA NOSTRA QUALIT\u00c0 - pescatrade","isPartOf":{"@id":"https:\/\/pescatrade.com\/#website"},"primaryImageOfPage":{"@id":"https:\/\/pescatrade.com\/it\/la-nostra-qualita\/#primaryimage"},"image":{"@id":"https:\/\/pescatrade.com\/it\/la-nostra-qualita\/#primaryimage"},"thumbnailUrl":"https:\/\/pescatrade.com\/wp-content\/uploads\/2015\/06\/calidadLogo1.png","datePublished":"2016-10-05T11:58:19+00:00","dateModified":"2021-06-14T21:28:33+00:00","breadcrumb":{"@id":"https:\/\/pescatrade.com\/it\/la-nostra-qualita\/#breadcrumb"},"inLanguage":"it-IT","potentialAction":[{"@type":"ReadAction","target":["https:\/\/pescatrade.com\/it\/la-nostra-qualita\/"]}]},{"@type":"ImageObject","inLanguage":"it-IT","@id":"https:\/\/pescatrade.com\/it\/la-nostra-qualita\/#primaryimage","url":"https:\/\/pescatrade.com\/wp-content\/uploads\/2015\/06\/calidadLogo1.png","contentUrl":"https:\/\/pescatrade.com\/wp-content\/uploads\/2015\/06\/calidadLogo1.png"},{"@type":"BreadcrumbList","@id":"https:\/\/pescatrade.com\/it\/la-nostra-qualita\/#breadcrumb","itemListElement":[{"@type":"ListItem","position":1,"name":"Portada","item":"https:\/\/pescatrade.com\/it\/"},{"@type":"ListItem","position":2,"name":"LA NOSTRA QUALIT\u00c0"}]},{"@type":"WebSite","@id":"https:\/\/pescatrade.com\/#website","url":"https:\/\/pescatrade.com\/","name":"pescatrade","description":"En Pescatrade somos pioneros, desde nuestro nacimiento, en la pesca, transformaci\u00f3n, conservaci\u00f3n y comercializaci\u00f3n de los mejores pescados y mariscos tanto frescos como ultracongelados.","potentialAction":[{"@type":"SearchAction","target":{"@type":"EntryPoint","urlTemplate":"https:\/\/pescatrade.com\/?s={search_term_string}"},"query-input":{"@type":"PropertyValueSpecification","valueRequired":true,"valueName":"search_term_string"}}],"inLanguage":"it-IT"}]}},"_links":{"self":[{"href":"https:\/\/pescatrade.com\/it\/wp-json\/wp\/v2\/pages\/707\/"}],"collection":[{"href":"https:\/\/pescatrade.com\/it\/wp-json\/wp\/v2\/pages\/"}],"about":[{"href":"https:\/\/pescatrade.com\/it\/wp-json\/wp\/v2\/types\/page\/"}],"author":[{"embeddable":true,"href":"https:\/\/pescatrade.com\/it\/wp-json\/wp\/v2\/users\/1\/"}],"replies":[{"embeddable":true,"href":"https:\/\/pescatrade.com\/it\/wp-json\/wp\/v2\/comments\/?post=707"}],"version-history":[{"count":4,"href":"https:\/\/pescatrade.com\/it\/wp-json\/wp\/v2\/pages\/707\/revisions\/"}],"predecessor-version":[{"id":1202,"href":"https:\/\/pescatrade.com\/it\/wp-json\/wp\/v2\/pages\/707\/revisions\/1202\/"}],"wp:attachment":[{"href":"https:\/\/pescatrade.com\/it\/wp-json\/wp\/v2\/media\/?parent=707"}],"curies":[{"name":"wp","href":"https:\/\/api.w.org\/{rel}","templated":true}]}}